{"id":1703,"date":"2019-06-03T20:28:38","date_gmt":"2019-06-03T17:28:38","guid":{"rendered":"https:\/\/www.parkimine.ee\/?page_id=1703"},"modified":"2024-04-22T11:27:08","modified_gmt":"2024-04-22T08:27:08","slug":"parking-on-city-streets-in-tartu","status":"publish","type":"page","link":"https:\/\/www.parkimine.ee\/en\/parking\/tartu\/parking-on-city-streets-in-tartu\/","title":{"rendered":"Parking on city streets in Tartu"},"content":{"rendered":"<p><img loading=\"lazy\" decoding=\"async\" class=\"alignright size-full wp-image-1535\" src=\"https:\/\/www.parkimine.ee\/wp-content\/uploads\/2019\/06\/tartunight.jpg\" alt=\"\" width=\"286\" height=\"179\" \/>In zones A and B parking is paid on working days 08:00-19:00. Parking in zones A is chargeable on Saturday between 11.00-17.00 and parking is free on Sundays and public holidays. Parking in zones B is free on Saturday and Sundays and public holidays.\u00a0 In zone C parking is paid 24\/7.<\/p>\n<p>&nbsp;<\/p>\n<p><strong>Use of free parking time<\/strong><\/p>\n<p>By fixing the start time of parking, it is possible to park for 15 minutes in areas A and C and 90 minutes in area B without paying a fee. If there is no parking clock, the time can be written clearly on paper. After the end of the free parking time, the driver is obliged to pay for parking in accordance with the applicable parking fee rate in the given area.<\/p>\n<h4><\/h4>\n<h4>In the city of Tartu, parking fees in public lots will change as of July 1, 2022<\/h4>\n<p><strong>The zones and prices of Tartu&#8217;s public paid parking area are as follows:<\/strong><\/p>\n<p><a class=\"hash_redirect_link\" data-href=\"#tartu-city-a-zone=2298\"><strong>Parking zone A<\/strong><\/a><\/p>\n<p><strong>NB! 15 MIN. FREE PARKING ONLY WITH PARKING CLOCK OR PARKING TIME IS WRITTEN ON THE PAPER. FREE PARKING PERMIT SHOULD BE ON THE WINDSHIELD.<\/strong><\/p>\n<p>1 hour &#8211; 3 \u20ac<br \/>\n1 month &#8211; 120 \u20ac<br \/>\n3 months &#8211; 300 \u20ac<br \/>\n12 months &#8211; 1200 \u20ac<\/p>\n<p>Gildi tn (l\u00f5igul \u00dclikooli tn \u2013 Kompanii tn), Jaani tn, Jakobi tn (l\u00f5igul \u00dclikooli tn \u2013 K. E. von Baeri tn), K. E. von Baeri tn, K. E. von Baeri tn 1a parkla, Kompanii tn, K\u00fc\u00fctri tn (l\u00f5igul R\u00fc\u00fctli tn \u2013 Kompanii tn), Lai tn (l\u00f5igul R\u00fc\u00fctli tn \u2013 Jakobi tn), Lossi tn, Lutsu tn, Magasini tn, Munga tn, Poe tn, Promenaadi tn, Uueturu tn, Vabaduse pst (l\u00f5igul Lai tn \u2013 Uueturu tn), Vallikraavi tn (l\u00f5igul K\u00fc\u00fcni tn \u2013 Lossi tn), Vallikraavi tn 4a parkla, \u00dclikooli tn.<\/p>\n<p>&nbsp;<\/p>\n<p><a class=\"hash_redirect_link\" data-href=\"#tartu-city-b-zone=2300\"><strong>Parking zone B<\/strong><\/a><\/p>\n<p><strong>NB! 90 MIN. FREE PARKING ONLY WITH PARKING CLOCK OR PARKING TIME IS WRITTEN ON THE PAPER. FREE PARKING PERMIT SHOULD BE ON THE WINDSHIELD.<\/strong><\/p>\n<p>1 hour &#8211; 1,50 \u20ac<br \/>\n1 month &#8211; 60 \u20ac<br \/>\n3 months &#8211; 150\u20ac<br \/>\n12 months &#8211; 600 \u20ac<\/p>\n<p>A. Haava tn (l\u00f5igul N\u00e4ituse tn \u2013 J. T\u00f5nissoni tn), Aida tn, Akadeemia tn, Aleksandri tn (l\u00f5igul Soola tn \u2013 Aida tn), J. Kuperjanovi tn, J. Liivi tn, J. T\u00f5nissoni tn, J. W. F. Hezeli tn, Kalevi tn (l\u00f5igul Lille tn \u2013 Aida tn), Kaluri tn, Kastani tn (l\u00f5igul N\u00e4ituse tn \u2013 Riia tn), Kloostri tn, Kooli tn, Kroonuaia tn (l\u00f5igul Oa tn \u2013 Jakobi tn), Lao tn, Lille tn, Magistri tn, N\u00e4ituse tn (l\u00f5igul Kooli tn \u2013 K. E. von Baeri tn), Oru tn (l\u00f5igul Veski tn \u2013 K. E. von Baeri tn), Pargi tn, Pepleri tn, P\u00e4eva tn, Sadama tn (l\u00f5igul Turu tn \u2013 Kaluri tn), Soola tn 3a parkla (Tartu hotelli ees asuv parkla), Soola tn T5 parkla (Turusilla parkla), Soola tn (l\u00f5igul V\u00e4ike Turu tn\u00a0\u2013 Turu sild), Tiigi tn, Turu tn 10 parkla (Aura veekeskuse parkla), T\u00e4he tn (l\u00f5igul Riia tn \u2013 Pargi tn), T\u00e4htvere tn (l\u00f5igul Marja tn \u2013 Kroonuaia tn), Vabriku tn, Vaksali tn (l\u00f5igul J. T\u00f5nissoni tn \u2013 Vanemuise tn), Vallikraavi tn (l\u00f5igul Lossi tn \u2013 Pepleri tn), Vanemuise tn, Vanemuise tn 15 parkla (Tartu \u00dclikooli raamatukogu ees asuv parkla), Veski tn, V\u00f5ru tn (l\u00f5igul V\u00e4ike-T\u00e4he tn \u2013 Riia tn), V\u00e4ike-Turu tn 2 parkla (Sadamaturu parkla), V\u00e4ike-T\u00e4he tn (l\u00f5igul V\u00f5ru tn \u2013 T\u00e4he tn), W. Struve tn, \u00d5petaja tn<\/p>\n<p>&nbsp;<\/p>\n<p><a class=\"hash_redirect_link\" href=\"https:\/\/www.parkimine.ee\/en\/#tartu-linn-c-piirkond=4680\" data-href=\"#tartu-city-a-zone=2298\"><strong>Parking zone C<\/strong><\/a><\/p>\n<p><strong>NB! 15 MIN. FREE PARKING ONLY WITH PARKING CLOCK OR PARKING TIME IS WRITTEN ON THE PAPER. FREE PARKING PERMIT SHOULD BE ON THE WINDSHIELD.<\/strong><\/p>\n<p>1 hour &#8211; 0,20 \u20ac<br \/>\n1 day &#8211; 1 \u20ac<br \/>\n1 month &#8211; 15 \u20ac<br \/>\n3 months &#8211; 30 \u20ac<br \/>\n12 months &#8211; 100 \u20ac<\/p>\n<p>In front of M\u00f5isavahe st 37, 38 houses.<\/p>\n<p>&nbsp;<\/p>\n<p><strong>Daily<\/strong> and <strong>long-term <\/strong>parking permits can be bought from <a href=\"http:\/\/www.parkimine.ee\">www.parkimine.ee<\/a> website.<\/p>\n<p><strong>Short-term<\/strong>\u00a0and <strong>30-day <\/strong>parking permits can be also bought from parking machines. Instructions for using parking machines can be found from City of Tartu website.<\/p>\n<p>Long-term parking permits for <strong>month, quarter and year<\/strong> are also sold in <a href=\"https:\/\/tartu.ee\/en\/information-centre\">Information Centre of Tartu<\/a>.<\/p>\n","protected":false},"excerpt":{"rendered":"<p>In zones A and B parking is paid on working days 08:00-19:00. Parking in zones A is chargeable on Saturday [&hellip;]<\/p>\n","protected":false},"author":1,"featured_media":0,"parent":1689,"menu_order":116,"comment_status":"closed","ping_status":"closed","template":"","meta":{"_exactmetrics_skip_tracking":false,"_exactmetrics_sitenote_active":false,"_exactmetrics_sitenote_note":"","_exactmetrics_sitenote_category":0,"footnotes":""},"class_list":["post-1703","page","type-page","status-publish","hentry"],"yoast_head":"<!-- This site is optimized with the Yoast SEO plugin v18.8 - https:\/\/yoast.com\/wordpress\/plugins\/seo\/ -->\n<title>Parking on city streets in Tartu - Parkimine.ee<\/title>\n<meta name=\"robots\" content=\"index, follow, max-snippet:-1, max-image-preview:large, max-video-preview:-1\" \/>\n<link rel=\"canonical\" href=\"https:\/\/www.parkimine.ee\/en\/parking\/tartu\/parking-on-city-streets-in-tartu\/\" \/>\n<meta property=\"og:locale\" content=\"en_US\" \/>\n<meta property=\"og:type\" content=\"article\" \/>\n<meta property=\"og:title\" content=\"Parking on city streets in Tartu - Parkimine.ee\" \/>\n<meta property=\"og:description\" content=\"In zones A and B parking is paid on working days 08:00-19:00. Parking in zones A is chargeable on Saturday [&hellip;]\" \/>\n<meta property=\"og:url\" content=\"https:\/\/www.parkimine.ee\/en\/parking\/tartu\/parking-on-city-streets-in-tartu\/\" \/>\n<meta property=\"og:site_name\" content=\"Parkimine.ee\" \/>\n<meta property=\"article:modified_time\" content=\"2024-04-22T08:27:08+00:00\" \/>\n<meta property=\"og:image\" content=\"https:\/\/www.parkimine.ee\/wp-content\/uploads\/2019\/06\/tartunight.jpg\" \/>\n<meta name=\"twitter:card\" content=\"summary_large_image\" \/>\n<meta name=\"twitter:label1\" content=\"Est. reading time\" \/>\n\t<meta name=\"twitter:data1\" content=\"4 minutes\" \/>\n<script type=\"application\/ld+json\" class=\"yoast-schema-graph\">{\"@context\":\"https:\/\/schema.org\",\"@graph\":[{\"@type\":\"WebSite\",\"@id\":\"https:\/\/www.parkimine.ee\/en\/#website\",\"url\":\"https:\/\/www.parkimine.ee\/en\/\",\"name\":\"Parkimine.ee\",\"description\":\"Leia parim parkimiskoht. Tallinna linna parkimine. Avalikud eraparklad. Parkimismajad. Liikluskorraldus.\",\"potentialAction\":[{\"@type\":\"SearchAction\",\"target\":{\"@type\":\"EntryPoint\",\"urlTemplate\":\"https:\/\/www.parkimine.ee\/en\/?s={search_term_string}\"},\"query-input\":\"required name=search_term_string\"}],\"inLanguage\":\"en-US\"},{\"@type\":\"ImageObject\",\"inLanguage\":\"en-US\",\"@id\":\"https:\/\/www.parkimine.ee\/en\/parking\/tartu\/parking-on-city-streets-in-tartu\/#primaryimage\",\"url\":\"https:\/\/www.parkimine.ee\/wp-content\/uploads\/2019\/06\/tartunight.jpg\",\"contentUrl\":\"https:\/\/www.parkimine.ee\/wp-content\/uploads\/2019\/06\/tartunight.jpg\",\"width\":286,\"height\":179},{\"@type\":\"WebPage\",\"@id\":\"https:\/\/www.parkimine.ee\/en\/parking\/tartu\/parking-on-city-streets-in-tartu\/#webpage\",\"url\":\"https:\/\/www.parkimine.ee\/en\/parking\/tartu\/parking-on-city-streets-in-tartu\/\",\"name\":\"Parking on city streets in Tartu - Parkimine.ee\",\"isPartOf\":{\"@id\":\"https:\/\/www.parkimine.ee\/en\/#website\"},\"primaryImageOfPage\":{\"@id\":\"https:\/\/www.parkimine.ee\/en\/parking\/tartu\/parking-on-city-streets-in-tartu\/#primaryimage\"},\"datePublished\":\"2019-06-03T17:28:38+00:00\",\"dateModified\":\"2024-04-22T08:27:08+00:00\",\"breadcrumb\":{\"@id\":\"https:\/\/www.parkimine.ee\/en\/parking\/tartu\/parking-on-city-streets-in-tartu\/#breadcrumb\"},\"inLanguage\":\"en-US\",\"potentialAction\":[{\"@type\":\"ReadAction\",\"target\":[\"https:\/\/www.parkimine.ee\/en\/parking\/tartu\/parking-on-city-streets-in-tartu\/\"]}]},{\"@type\":\"BreadcrumbList\",\"@id\":\"https:\/\/www.parkimine.ee\/en\/parking\/tartu\/parking-on-city-streets-in-tartu\/#breadcrumb\",\"itemListElement\":[{\"@type\":\"ListItem\",\"position\":1,\"name\":\"Home\",\"item\":\"https:\/\/www.parkimine.ee\/en\/\"},{\"@type\":\"ListItem\",\"position\":2,\"name\":\"Parking\",\"item\":\"https:\/\/www.parkimine.ee\/en\/parking\/\"},{\"@type\":\"ListItem\",\"position\":3,\"name\":\"Tartu\",\"item\":\"https:\/\/www.parkimine.ee\/en\/parking\/tartu\/\"},{\"@type\":\"ListItem\",\"position\":4,\"name\":\"Parking on city streets in Tartu\"}]}]}<\/script>\n<!-- \/ Yoast SEO plugin. -->","yoast_head_json":{"title":"Parking on city streets in Tartu - Parkimine.ee","robots":{"index":"index","follow":"follow","max-snippet":"max-snippet:-1","max-image-preview":"max-image-preview:large","max-video-preview":"max-video-preview:-1"},"canonical":"https:\/\/www.parkimine.ee\/en\/parking\/tartu\/parking-on-city-streets-in-tartu\/","og_locale":"en_US","og_type":"article","og_title":"Parking on city streets in Tartu - Parkimine.ee","og_description":"In zones A and B parking is paid on working days 08:00-19:00. Parking in zones A is chargeable on Saturday [&hellip;]","og_url":"https:\/\/www.parkimine.ee\/en\/parking\/tartu\/parking-on-city-streets-in-tartu\/","og_site_name":"Parkimine.ee","article_modified_time":"2024-04-22T08:27:08+00:00","og_image":[{"url":"https:\/\/www.parkimine.ee\/wp-content\/uploads\/2019\/06\/tartunight.jpg"}],"twitter_card":"summary_large_image","twitter_misc":{"Est. reading time":"4 minutes"},"schema":{"@context":"https:\/\/schema.org","@graph":[{"@type":"WebSite","@id":"https:\/\/www.parkimine.ee\/en\/#website","url":"https:\/\/www.parkimine.ee\/en\/","name":"Parkimine.ee","description":"Leia parim parkimiskoht. Tallinna linna parkimine. Avalikud eraparklad. Parkimismajad. Liikluskorraldus.","potentialAction":[{"@type":"SearchAction","target":{"@type":"EntryPoint","urlTemplate":"https:\/\/www.parkimine.ee\/en\/?s={search_term_string}"},"query-input":"required name=search_term_string"}],"inLanguage":"en-US"},{"@type":"ImageObject","inLanguage":"en-US","@id":"https:\/\/www.parkimine.ee\/en\/parking\/tartu\/parking-on-city-streets-in-tartu\/#primaryimage","url":"https:\/\/www.parkimine.ee\/wp-content\/uploads\/2019\/06\/tartunight.jpg","contentUrl":"https:\/\/www.parkimine.ee\/wp-content\/uploads\/2019\/06\/tartunight.jpg","width":286,"height":179},{"@type":"WebPage","@id":"https:\/\/www.parkimine.ee\/en\/parking\/tartu\/parking-on-city-streets-in-tartu\/#webpage","url":"https:\/\/www.parkimine.ee\/en\/parking\/tartu\/parking-on-city-streets-in-tartu\/","name":"Parking on city streets in Tartu - Parkimine.ee","isPartOf":{"@id":"https:\/\/www.parkimine.ee\/en\/#website"},"primaryImageOfPage":{"@id":"https:\/\/www.parkimine.ee\/en\/parking\/tartu\/parking-on-city-streets-in-tartu\/#primaryimage"},"datePublished":"2019-06-03T17:28:38+00:00","dateModified":"2024-04-22T08:27:08+00:00","breadcrumb":{"@id":"https:\/\/www.parkimine.ee\/en\/parking\/tartu\/parking-on-city-streets-in-tartu\/#breadcrumb"},"inLanguage":"en-US","potentialAction":[{"@type":"ReadAction","target":["https:\/\/www.parkimine.ee\/en\/parking\/tartu\/parking-on-city-streets-in-tartu\/"]}]},{"@type":"BreadcrumbList","@id":"https:\/\/www.parkimine.ee\/en\/parking\/tartu\/parking-on-city-streets-in-tartu\/#breadcrumb","itemListElement":[{"@type":"ListItem","position":1,"name":"Home","item":"https:\/\/www.parkimine.ee\/en\/"},{"@type":"ListItem","position":2,"name":"Parking","item":"https:\/\/www.parkimine.ee\/en\/parking\/"},{"@type":"ListItem","position":3,"name":"Tartu","item":"https:\/\/www.parkimine.ee\/en\/parking\/tartu\/"},{"@type":"ListItem","position":4,"name":"Parking on city streets in Tartu"}]}]}},"_links":{"self":[{"href":"https:\/\/www.parkimine.ee\/en\/wp-json\/wp\/v2\/pages\/1703","targetHints":{"allow":["GET"]}}],"collection":[{"href":"https:\/\/www.parkimine.ee\/en\/wp-json\/wp\/v2\/pages"}],"about":[{"href":"https:\/\/www.parkimine.ee\/en\/wp-json\/wp\/v2\/types\/page"}],"author":[{"embeddable":true,"href":"https:\/\/www.parkimine.ee\/en\/wp-json\/wp\/v2\/users\/1"}],"replies":[{"embeddable":true,"href":"https:\/\/www.parkimine.ee\/en\/wp-json\/wp\/v2\/comments?post=1703"}],"version-history":[{"count":16,"href":"https:\/\/www.parkimine.ee\/en\/wp-json\/wp\/v2\/pages\/1703\/revisions"}],"predecessor-version":[{"id":8132,"href":"https:\/\/www.parkimine.ee\/en\/wp-json\/wp\/v2\/pages\/1703\/revisions\/8132"}],"up":[{"embeddable":true,"href":"https:\/\/www.parkimine.ee\/en\/wp-json\/wp\/v2\/pages\/1689"}],"wp:attachment":[{"href":"https:\/\/www.parkimine.ee\/en\/wp-json\/wp\/v2\/media?parent=1703"}],"curies":[{"name":"wp","href":"https:\/\/api.w.org\/{rel}","templated":true}]}}