{"id":178,"date":"2019-01-13T17:40:45","date_gmt":"2019-01-13T15:40:45","guid":{"rendered":"https:\/\/www.parkimine.ee\/?page_id=178"},"modified":"2020-09-17T08:46:59","modified_gmt":"2020-09-17T05:46:59","slug":"login","status":"publish","type":"page","link":"https:\/\/www.parkimine.ee\/en\/login\/","title":{"rendered":"Enter Self-service"},"content":{"rendered":"\r\n<p>I hereby authorize AS \u00dchisteenused to consent to the processing of my personal data submitted by me through authentication with self-service. AS \u00dchisteenused uses the personal data only for the purposes specified in the articles of association of the company (in particular the provision of parking services).<\/p>\r\n<p>NB! The principles relating to proccecing of personal data only apply to private law relationships. If you enter self-service regarding parking in a public paid parking area in Tallinn, the data will be processed in accordance with\u00a0<a href=\"https:\/\/www.riigiteataja.ee\/akt\/427032015002?leiaKehtiv\" target=\"_blank\" rel=\"noopener noreferrer\">Tallinna parkimiskorralduse andmekogu p\u00f5him\u00e4\u00e4rus<\/a>\u00a0and AS \u00dchisteenused will not process your data.<\/p>\r\n","protected":false},"excerpt":{"rendered":"<p>I hereby authorize AS \u00dchisteenused to consent to the processing of my personal data submitted by me through authentication with [&hellip;]<\/p>\n","protected":false},"author":1,"featured_media":0,"parent":0,"menu_order":169,"comment_status":"closed","ping_status":"closed","template":"page-templates\/page-self-service-login.php","meta":{"_exactmetrics_skip_tracking":false,"_exactmetrics_sitenote_active":false,"_exactmetrics_sitenote_note":"","_exactmetrics_sitenote_category":0,"footnotes":""},"class_list":["post-178","page","type-page","status-publish","hentry"],"yoast_head":"<!-- This site is optimized with the Yoast SEO plugin v18.8 - https:\/\/yoast.com\/wordpress\/plugins\/seo\/ -->\n<title>Enter Self-service - Parkimine.ee<\/title>\n<meta name=\"robots\" content=\"index, follow, max-snippet:-1, max-image-preview:large, max-video-preview:-1\" \/>\n<link rel=\"canonical\" href=\"https:\/\/www.parkimine.ee\/en\/login\/\" \/>\n<meta property=\"og:locale\" content=\"en_US\" \/>\n<meta property=\"og:type\" content=\"article\" \/>\n<meta property=\"og:title\" content=\"Enter Self-service - Parkimine.ee\" \/>\n<meta property=\"og:description\" content=\"I hereby authorize AS \u00dchisteenused to consent to the processing of my personal data submitted by me through authentication with [&hellip;]\" \/>\n<meta property=\"og:url\" content=\"https:\/\/www.parkimine.ee\/en\/login\/\" \/>\n<meta property=\"og:site_name\" content=\"Parkimine.ee\" \/>\n<meta property=\"article:modified_time\" content=\"2020-09-17T05:46:59+00:00\" \/>\n<meta name=\"twitter:card\" content=\"summary_large_image\" \/>\n<script type=\"application\/ld+json\" class=\"yoast-schema-graph\">{\"@context\":\"https:\/\/schema.org\",\"@graph\":[{\"@type\":\"WebSite\",\"@id\":\"https:\/\/www.parkimine.ee\/en\/#website\",\"url\":\"https:\/\/www.parkimine.ee\/en\/\",\"name\":\"Parkimine.ee\",\"description\":\"Leia parim parkimiskoht. Tallinna linna parkimine. Avalikud eraparklad. Parkimismajad. Liikluskorraldus.\",\"potentialAction\":[{\"@type\":\"SearchAction\",\"target\":{\"@type\":\"EntryPoint\",\"urlTemplate\":\"https:\/\/www.parkimine.ee\/en\/?s={search_term_string}\"},\"query-input\":\"required name=search_term_string\"}],\"inLanguage\":\"en-US\"},{\"@type\":\"WebPage\",\"@id\":\"https:\/\/www.parkimine.ee\/en\/login\/#webpage\",\"url\":\"https:\/\/www.parkimine.ee\/en\/login\/\",\"name\":\"Enter Self-service - Parkimine.ee\",\"isPartOf\":{\"@id\":\"https:\/\/www.parkimine.ee\/en\/#website\"},\"datePublished\":\"2019-01-13T15:40:45+00:00\",\"dateModified\":\"2020-09-17T05:46:59+00:00\",\"breadcrumb\":{\"@id\":\"https:\/\/www.parkimine.ee\/en\/login\/#breadcrumb\"},\"inLanguage\":\"en-US\",\"potentialAction\":[{\"@type\":\"ReadAction\",\"target\":[\"https:\/\/www.parkimine.ee\/en\/login\/\"]}]},{\"@type\":\"BreadcrumbList\",\"@id\":\"https:\/\/www.parkimine.ee\/en\/login\/#breadcrumb\",\"itemListElement\":[{\"@type\":\"ListItem\",\"position\":1,\"name\":\"Home\",\"item\":\"https:\/\/www.parkimine.ee\/en\/\"},{\"@type\":\"ListItem\",\"position\":2,\"name\":\"Enter Self-service\"}]}]}<\/script>\n<!-- \/ Yoast SEO plugin. -->","yoast_head_json":{"title":"Enter Self-service - Parkimine.ee","robots":{"index":"index","follow":"follow","max-snippet":"max-snippet:-1","max-image-preview":"max-image-preview:large","max-video-preview":"max-video-preview:-1"},"canonical":"https:\/\/www.parkimine.ee\/en\/login\/","og_locale":"en_US","og_type":"article","og_title":"Enter Self-service - Parkimine.ee","og_description":"I hereby authorize AS \u00dchisteenused to consent to the processing of my personal data submitted by me through authentication with [&hellip;]","og_url":"https:\/\/www.parkimine.ee\/en\/login\/","og_site_name":"Parkimine.ee","article_modified_time":"2020-09-17T05:46:59+00:00","twitter_card":"summary_large_image","schema":{"@context":"https:\/\/schema.org","@graph":[{"@type":"WebSite","@id":"https:\/\/www.parkimine.ee\/en\/#website","url":"https:\/\/www.parkimine.ee\/en\/","name":"Parkimine.ee","description":"Leia parim parkimiskoht. Tallinna linna parkimine. Avalikud eraparklad. Parkimismajad. Liikluskorraldus.","potentialAction":[{"@type":"SearchAction","target":{"@type":"EntryPoint","urlTemplate":"https:\/\/www.parkimine.ee\/en\/?s={search_term_string}"},"query-input":"required name=search_term_string"}],"inLanguage":"en-US"},{"@type":"WebPage","@id":"https:\/\/www.parkimine.ee\/en\/login\/#webpage","url":"https:\/\/www.parkimine.ee\/en\/login\/","name":"Enter Self-service - Parkimine.ee","isPartOf":{"@id":"https:\/\/www.parkimine.ee\/en\/#website"},"datePublished":"2019-01-13T15:40:45+00:00","dateModified":"2020-09-17T05:46:59+00:00","breadcrumb":{"@id":"https:\/\/www.parkimine.ee\/en\/login\/#breadcrumb"},"inLanguage":"en-US","potentialAction":[{"@type":"ReadAction","target":["https:\/\/www.parkimine.ee\/en\/login\/"]}]},{"@type":"BreadcrumbList","@id":"https:\/\/www.parkimine.ee\/en\/login\/#breadcrumb","itemListElement":[{"@type":"ListItem","position":1,"name":"Home","item":"https:\/\/www.parkimine.ee\/en\/"},{"@type":"ListItem","position":2,"name":"Enter Self-service"}]}]}},"_links":{"self":[{"href":"https:\/\/www.parkimine.ee\/en\/wp-json\/wp\/v2\/pages\/178","targetHints":{"allow":["GET"]}}],"collection":[{"href":"https:\/\/www.parkimine.ee\/en\/wp-json\/wp\/v2\/pages"}],"about":[{"href":"https:\/\/www.parkimine.ee\/en\/wp-json\/wp\/v2\/types\/page"}],"author":[{"embeddable":true,"href":"https:\/\/www.parkimine.ee\/en\/wp-json\/wp\/v2\/users\/1"}],"replies":[{"embeddable":true,"href":"https:\/\/www.parkimine.ee\/en\/wp-json\/wp\/v2\/comments?post=178"}],"version-history":[{"count":6,"href":"https:\/\/www.parkimine.ee\/en\/wp-json\/wp\/v2\/pages\/178\/revisions"}],"predecessor-version":[{"id":4718,"href":"https:\/\/www.parkimine.ee\/en\/wp-json\/wp\/v2\/pages\/178\/revisions\/4718"}],"wp:attachment":[{"href":"https:\/\/www.parkimine.ee\/en\/wp-json\/wp\/v2\/media?parent=178"}],"curies":[{"name":"wp","href":"https:\/\/api.w.org\/{rel}","templated":true}]}}