{"id":390,"date":"2019-04-09T13:03:18","date_gmt":"2019-04-09T10:03:18","guid":{"rendered":"https:\/\/www.parkimine.ee\/?page_id=390"},"modified":"2025-09-02T12:39:45","modified_gmt":"2025-09-02T09:39:45","slug":"tallinn","status":"publish","type":"page","link":"https:\/\/www.parkimine.ee\/en\/parking\/tallinn\/","title":{"rendered":"Tallinn"},"content":{"rendered":"<p style=\"font-weight: 400;\"><img loading=\"lazy\" decoding=\"async\" class=\"size-medium wp-image-4345 alignright\" src=\"https:\/\/www.parkimine.ee\/wp-content\/uploads\/2020\/06\/tallinn-300x214.png\" alt=\"\" width=\"300\" height=\"214\" srcset=\"https:\/\/www.parkimine.ee\/wp-content\/uploads\/2020\/06\/tallinn-300x214.png 300w, https:\/\/www.parkimine.ee\/wp-content\/uploads\/2020\/06\/tallinn.png 700w\" sizes=\"auto, (max-width: 300px) 100vw, 300px\" \/>In Tallinn, it is possible to park a vehicle:<\/p>\n<ul>\n<li>In private <a href=\"https:\/\/www.parkimine.ee\/en\/parking\/tallinn\/tallinn-outdoor-parkings\/\">outdoor parking lots<\/a> (and <a href=\"https:\/\/www.parkimine.ee\/en\/parking\/tallinn\/tallinn-parking-houses\/\">parking houses<\/a>);<\/li>\n<li>Free parking area<\/li>\n<\/ul>\n<p>In a <strong>private parking lot<\/strong>, parking terms and rates are established by landowner and parking lot operator.<\/p>\n<p>Driver of the vehicle have to make sure, if vehicle is parked in public for-fee parking zone. Different private parking lots can be seen in menu or on the map on <a href=\"https:\/\/www.parkimine.ee\/en\/\">www.parkimine.ee<\/a>.<\/p>\n","protected":false},"excerpt":{"rendered":"<p>Esimesed 15 minutit on tasuta, kui juht on parkimise algusaja kirjalikult v\u00f5i parkimiskella abil fikseerinud.<br \/>\nParkimiskell v\u00f5i kirjalik teade parkimise alguse kohta peab olema s\u00f5iduki esiklaasil n\u00e4htaval kohal.<br \/>\nRohkem infot parkimise kohta l\u00fchinumbril 1669.<br \/>\nValikuvariant nr 1 vastab t\u00f6\u00f6p\u00e4eviti ajavahemikul 08.00-17.00<br \/>\nvalikuvariant number 2 vastab 24\/7<\/p>\n","protected":false},"author":1,"featured_media":0,"parent":363,"menu_order":235,"comment_status":"closed","ping_status":"closed","template":"","meta":{"_exactmetrics_skip_tracking":false,"_exactmetrics_sitenote_active":false,"_exactmetrics_sitenote_note":"","_exactmetrics_sitenote_category":0,"footnotes":""},"class_list":["post-390","page","type-page","status-publish","hentry"],"yoast_head":"<!-- This site is optimized with the Yoast SEO plugin v18.8 - https:\/\/yoast.com\/wordpress\/plugins\/seo\/ -->\n<title>Tallinn - Parkimine.ee<\/title>\n<meta name=\"robots\" content=\"index, follow, max-snippet:-1, max-image-preview:large, max-video-preview:-1\" \/>\n<link rel=\"canonical\" href=\"https:\/\/www.parkimine.ee\/en\/parking\/tallinn\/\" \/>\n<meta property=\"og:locale\" content=\"en_US\" \/>\n<meta property=\"og:type\" content=\"article\" \/>\n<meta property=\"og:title\" content=\"Tallinn - Parkimine.ee\" \/>\n<meta property=\"og:description\" content=\"Esimesed 15 minutit on tasuta, kui juht on parkimise algusaja kirjalikult v\u00f5i parkimiskella abil fikseerinud. Parkimiskell v\u00f5i kirjalik teade parkimise alguse kohta peab olema s\u00f5iduki esiklaasil n\u00e4htaval kohal. Rohkem infot parkimise kohta l\u00fchinumbril 1669. Valikuvariant nr 1 vastab t\u00f6\u00f6p\u00e4eviti ajavahemikul 08.00-17.00 valikuvariant number 2 vastab 24\/7\" \/>\n<meta property=\"og:url\" content=\"https:\/\/www.parkimine.ee\/en\/parking\/tallinn\/\" \/>\n<meta property=\"og:site_name\" content=\"Parkimine.ee\" \/>\n<meta property=\"article:modified_time\" content=\"2025-09-02T09:39:45+00:00\" \/>\n<meta property=\"og:image\" content=\"https:\/\/www.parkimine.ee\/wp-content\/uploads\/2020\/06\/tallinn-300x214.png\" \/>\n<meta name=\"twitter:card\" content=\"summary_large_image\" \/>\n<script type=\"application\/ld+json\" class=\"yoast-schema-graph\">{\"@context\":\"https:\/\/schema.org\",\"@graph\":[{\"@type\":\"WebSite\",\"@id\":\"https:\/\/www.parkimine.ee\/en\/#website\",\"url\":\"https:\/\/www.parkimine.ee\/en\/\",\"name\":\"Parkimine.ee\",\"description\":\"Leia parim parkimiskoht. Tallinna linna parkimine. Avalikud eraparklad. Parkimismajad. Liikluskorraldus.\",\"potentialAction\":[{\"@type\":\"SearchAction\",\"target\":{\"@type\":\"EntryPoint\",\"urlTemplate\":\"https:\/\/www.parkimine.ee\/en\/?s={search_term_string}\"},\"query-input\":\"required name=search_term_string\"}],\"inLanguage\":\"en-US\"},{\"@type\":\"ImageObject\",\"inLanguage\":\"en-US\",\"@id\":\"https:\/\/www.parkimine.ee\/en\/parking\/tallinn\/#primaryimage\",\"url\":\"https:\/\/www.parkimine.ee\/wp-content\/uploads\/2020\/06\/tallinn.png\",\"contentUrl\":\"https:\/\/www.parkimine.ee\/wp-content\/uploads\/2020\/06\/tallinn.png\",\"width\":700,\"height\":500},{\"@type\":\"WebPage\",\"@id\":\"https:\/\/www.parkimine.ee\/en\/parking\/tallinn\/#webpage\",\"url\":\"https:\/\/www.parkimine.ee\/en\/parking\/tallinn\/\",\"name\":\"Tallinn - Parkimine.ee\",\"isPartOf\":{\"@id\":\"https:\/\/www.parkimine.ee\/en\/#website\"},\"primaryImageOfPage\":{\"@id\":\"https:\/\/www.parkimine.ee\/en\/parking\/tallinn\/#primaryimage\"},\"datePublished\":\"2019-04-09T10:03:18+00:00\",\"dateModified\":\"2025-09-02T09:39:45+00:00\",\"breadcrumb\":{\"@id\":\"https:\/\/www.parkimine.ee\/en\/parking\/tallinn\/#breadcrumb\"},\"inLanguage\":\"en-US\",\"potentialAction\":[{\"@type\":\"ReadAction\",\"target\":[\"https:\/\/www.parkimine.ee\/en\/parking\/tallinn\/\"]}]},{\"@type\":\"BreadcrumbList\",\"@id\":\"https:\/\/www.parkimine.ee\/en\/parking\/tallinn\/#breadcrumb\",\"itemListElement\":[{\"@type\":\"ListItem\",\"position\":1,\"name\":\"Home\",\"item\":\"https:\/\/www.parkimine.ee\/en\/\"},{\"@type\":\"ListItem\",\"position\":2,\"name\":\"Parking\",\"item\":\"https:\/\/www.parkimine.ee\/en\/parking\/\"},{\"@type\":\"ListItem\",\"position\":3,\"name\":\"Tallinn\"}]}]}<\/script>\n<!-- \/ Yoast SEO plugin. -->","yoast_head_json":{"title":"Tallinn - Parkimine.ee","robots":{"index":"index","follow":"follow","max-snippet":"max-snippet:-1","max-image-preview":"max-image-preview:large","max-video-preview":"max-video-preview:-1"},"canonical":"https:\/\/www.parkimine.ee\/en\/parking\/tallinn\/","og_locale":"en_US","og_type":"article","og_title":"Tallinn - Parkimine.ee","og_description":"Esimesed 15 minutit on tasuta, kui juht on parkimise algusaja kirjalikult v\u00f5i parkimiskella abil fikseerinud. Parkimiskell v\u00f5i kirjalik teade parkimise alguse kohta peab olema s\u00f5iduki esiklaasil n\u00e4htaval kohal. Rohkem infot parkimise kohta l\u00fchinumbril 1669. Valikuvariant nr 1 vastab t\u00f6\u00f6p\u00e4eviti ajavahemikul 08.00-17.00 valikuvariant number 2 vastab 24\/7","og_url":"https:\/\/www.parkimine.ee\/en\/parking\/tallinn\/","og_site_name":"Parkimine.ee","article_modified_time":"2025-09-02T09:39:45+00:00","og_image":[{"url":"https:\/\/www.parkimine.ee\/wp-content\/uploads\/2020\/06\/tallinn-300x214.png"}],"twitter_card":"summary_large_image","schema":{"@context":"https:\/\/schema.org","@graph":[{"@type":"WebSite","@id":"https:\/\/www.parkimine.ee\/en\/#website","url":"https:\/\/www.parkimine.ee\/en\/","name":"Parkimine.ee","description":"Leia parim parkimiskoht. Tallinna linna parkimine. Avalikud eraparklad. Parkimismajad. Liikluskorraldus.","potentialAction":[{"@type":"SearchAction","target":{"@type":"EntryPoint","urlTemplate":"https:\/\/www.parkimine.ee\/en\/?s={search_term_string}"},"query-input":"required name=search_term_string"}],"inLanguage":"en-US"},{"@type":"ImageObject","inLanguage":"en-US","@id":"https:\/\/www.parkimine.ee\/en\/parking\/tallinn\/#primaryimage","url":"https:\/\/www.parkimine.ee\/wp-content\/uploads\/2020\/06\/tallinn.png","contentUrl":"https:\/\/www.parkimine.ee\/wp-content\/uploads\/2020\/06\/tallinn.png","width":700,"height":500},{"@type":"WebPage","@id":"https:\/\/www.parkimine.ee\/en\/parking\/tallinn\/#webpage","url":"https:\/\/www.parkimine.ee\/en\/parking\/tallinn\/","name":"Tallinn - Parkimine.ee","isPartOf":{"@id":"https:\/\/www.parkimine.ee\/en\/#website"},"primaryImageOfPage":{"@id":"https:\/\/www.parkimine.ee\/en\/parking\/tallinn\/#primaryimage"},"datePublished":"2019-04-09T10:03:18+00:00","dateModified":"2025-09-02T09:39:45+00:00","breadcrumb":{"@id":"https:\/\/www.parkimine.ee\/en\/parking\/tallinn\/#breadcrumb"},"inLanguage":"en-US","potentialAction":[{"@type":"ReadAction","target":["https:\/\/www.parkimine.ee\/en\/parking\/tallinn\/"]}]},{"@type":"BreadcrumbList","@id":"https:\/\/www.parkimine.ee\/en\/parking\/tallinn\/#breadcrumb","itemListElement":[{"@type":"ListItem","position":1,"name":"Home","item":"https:\/\/www.parkimine.ee\/en\/"},{"@type":"ListItem","position":2,"name":"Parking","item":"https:\/\/www.parkimine.ee\/en\/parking\/"},{"@type":"ListItem","position":3,"name":"Tallinn"}]}]}},"_links":{"self":[{"href":"https:\/\/www.parkimine.ee\/en\/wp-json\/wp\/v2\/pages\/390","targetHints":{"allow":["GET"]}}],"collection":[{"href":"https:\/\/www.parkimine.ee\/en\/wp-json\/wp\/v2\/pages"}],"about":[{"href":"https:\/\/www.parkimine.ee\/en\/wp-json\/wp\/v2\/types\/page"}],"author":[{"embeddable":true,"href":"https:\/\/www.parkimine.ee\/en\/wp-json\/wp\/v2\/users\/1"}],"replies":[{"embeddable":true,"href":"https:\/\/www.parkimine.ee\/en\/wp-json\/wp\/v2\/comments?post=390"}],"version-history":[{"count":24,"href":"https:\/\/www.parkimine.ee\/en\/wp-json\/wp\/v2\/pages\/390\/revisions"}],"predecessor-version":[{"id":9642,"href":"https:\/\/www.parkimine.ee\/en\/wp-json\/wp\/v2\/pages\/390\/revisions\/9642"}],"up":[{"embeddable":true,"href":"https:\/\/www.parkimine.ee\/en\/wp-json\/wp\/v2\/pages\/363"}],"wp:attachment":[{"href":"https:\/\/www.parkimine.ee\/en\/wp-json\/wp\/v2\/media?parent=390"}],"curies":[{"name":"wp","href":"https:\/\/api.w.org\/{rel}","templated":true}]}}