{"id":6433,"date":"2022-01-14T16:56:08","date_gmt":"2022-01-14T14:56:08","guid":{"rendered":"https:\/\/www.parkimine.ee\/?page_id=6433"},"modified":"2022-01-14T16:56:08","modified_gmt":"2022-01-14T14:56:08","slug":"juri","status":"publish","type":"page","link":"https:\/\/www.parkimine.ee\/en\/parking\/juri\/","title":{"rendered":"J\u00fcri"},"content":{"rendered":"<p><strong>AS \u00dchisteenused private parking lot:<\/strong><\/p>\n<ul>\n<li><a href=\"https:\/\/www.parkimine.ee\/en\/#moisa-tee-4-juri-tsoon-p99=2292\">M\u00f5isa tee 4, J\u00fcri zone P99<\/a><\/li>\n<\/ul>\n<p>Parking permit can be bought from\u00a0<strong>www.parkimine.ee<\/strong>\u00a0website or via\u00a0<a href=\"https:\/\/www.parkimine.ee\/en\/parking\/mobile-parking\/\"><strong>mobile parking<\/strong><\/a>.<\/p>\n","protected":false},"excerpt":{"rendered":"<p>AS \u00dchisteenused private parking lot: M\u00f5isa tee 4, J\u00fcri zone P99 Parking permit can be bought from\u00a0www.parkimine.ee\u00a0website or via\u00a0mobile parking.<\/p>\n","protected":false},"author":9,"featured_media":0,"parent":363,"menu_order":0,"comment_status":"closed","ping_status":"closed","template":"","meta":{"_exactmetrics_skip_tracking":false,"_exactmetrics_sitenote_active":false,"_exactmetrics_sitenote_note":"","_exactmetrics_sitenote_category":0,"footnotes":""},"class_list":["post-6433","page","type-page","status-publish","hentry"],"yoast_head":"<!-- This site is optimized with the Yoast SEO plugin v18.8 - https:\/\/yoast.com\/wordpress\/plugins\/seo\/ -->\n<title>J\u00fcri - Parkimine.ee<\/title>\n<meta name=\"robots\" content=\"index, follow, max-snippet:-1, max-image-preview:large, max-video-preview:-1\" \/>\n<link rel=\"canonical\" href=\"https:\/\/www.parkimine.ee\/en\/parking\/juri\/\" \/>\n<meta property=\"og:locale\" content=\"en_US\" \/>\n<meta property=\"og:type\" content=\"article\" \/>\n<meta property=\"og:title\" content=\"J\u00fcri - Parkimine.ee\" \/>\n<meta property=\"og:description\" content=\"AS \u00dchisteenused private parking lot: M\u00f5isa tee 4, J\u00fcri zone P99 Parking permit can be bought from\u00a0www.parkimine.ee\u00a0website or via\u00a0mobile parking.\" \/>\n<meta property=\"og:url\" content=\"https:\/\/www.parkimine.ee\/en\/parking\/juri\/\" \/>\n<meta property=\"og:site_name\" content=\"Parkimine.ee\" \/>\n<meta name=\"twitter:card\" content=\"summary_large_image\" \/>\n<script type=\"application\/ld+json\" class=\"yoast-schema-graph\">{\"@context\":\"https:\/\/schema.org\",\"@graph\":[{\"@type\":\"WebSite\",\"@id\":\"https:\/\/www.parkimine.ee\/en\/#website\",\"url\":\"https:\/\/www.parkimine.ee\/en\/\",\"name\":\"Parkimine.ee\",\"description\":\"Leia parim parkimiskoht. Tallinna linna parkimine. Avalikud eraparklad. Parkimismajad. Liikluskorraldus.\",\"potentialAction\":[{\"@type\":\"SearchAction\",\"target\":{\"@type\":\"EntryPoint\",\"urlTemplate\":\"https:\/\/www.parkimine.ee\/en\/?s={search_term_string}\"},\"query-input\":\"required name=search_term_string\"}],\"inLanguage\":\"en-US\"},{\"@type\":\"WebPage\",\"@id\":\"https:\/\/www.parkimine.ee\/en\/parking\/juri\/#webpage\",\"url\":\"https:\/\/www.parkimine.ee\/en\/parking\/juri\/\",\"name\":\"J\u00fcri - Parkimine.ee\",\"isPartOf\":{\"@id\":\"https:\/\/www.parkimine.ee\/en\/#website\"},\"datePublished\":\"2022-01-14T14:56:08+00:00\",\"dateModified\":\"2022-01-14T14:56:08+00:00\",\"breadcrumb\":{\"@id\":\"https:\/\/www.parkimine.ee\/en\/parking\/juri\/#breadcrumb\"},\"inLanguage\":\"en-US\",\"potentialAction\":[{\"@type\":\"ReadAction\",\"target\":[\"https:\/\/www.parkimine.ee\/en\/parking\/juri\/\"]}]},{\"@type\":\"BreadcrumbList\",\"@id\":\"https:\/\/www.parkimine.ee\/en\/parking\/juri\/#breadcrumb\",\"itemListElement\":[{\"@type\":\"ListItem\",\"position\":1,\"name\":\"Home\",\"item\":\"https:\/\/www.parkimine.ee\/en\/\"},{\"@type\":\"ListItem\",\"position\":2,\"name\":\"Parking\",\"item\":\"https:\/\/www.parkimine.ee\/en\/parking\/\"},{\"@type\":\"ListItem\",\"position\":3,\"name\":\"J\u00fcri\"}]}]}<\/script>\n<!-- \/ Yoast SEO plugin. -->","yoast_head_json":{"title":"J\u00fcri - Parkimine.ee","robots":{"index":"index","follow":"follow","max-snippet":"max-snippet:-1","max-image-preview":"max-image-preview:large","max-video-preview":"max-video-preview:-1"},"canonical":"https:\/\/www.parkimine.ee\/en\/parking\/juri\/","og_locale":"en_US","og_type":"article","og_title":"J\u00fcri - Parkimine.ee","og_description":"AS \u00dchisteenused private parking lot: M\u00f5isa tee 4, J\u00fcri zone P99 Parking permit can be bought from\u00a0www.parkimine.ee\u00a0website or via\u00a0mobile parking.","og_url":"https:\/\/www.parkimine.ee\/en\/parking\/juri\/","og_site_name":"Parkimine.ee","twitter_card":"summary_large_image","schema":{"@context":"https:\/\/schema.org","@graph":[{"@type":"WebSite","@id":"https:\/\/www.parkimine.ee\/en\/#website","url":"https:\/\/www.parkimine.ee\/en\/","name":"Parkimine.ee","description":"Leia parim parkimiskoht. Tallinna linna parkimine. Avalikud eraparklad. Parkimismajad. Liikluskorraldus.","potentialAction":[{"@type":"SearchAction","target":{"@type":"EntryPoint","urlTemplate":"https:\/\/www.parkimine.ee\/en\/?s={search_term_string}"},"query-input":"required name=search_term_string"}],"inLanguage":"en-US"},{"@type":"WebPage","@id":"https:\/\/www.parkimine.ee\/en\/parking\/juri\/#webpage","url":"https:\/\/www.parkimine.ee\/en\/parking\/juri\/","name":"J\u00fcri - Parkimine.ee","isPartOf":{"@id":"https:\/\/www.parkimine.ee\/en\/#website"},"datePublished":"2022-01-14T14:56:08+00:00","dateModified":"2022-01-14T14:56:08+00:00","breadcrumb":{"@id":"https:\/\/www.parkimine.ee\/en\/parking\/juri\/#breadcrumb"},"inLanguage":"en-US","potentialAction":[{"@type":"ReadAction","target":["https:\/\/www.parkimine.ee\/en\/parking\/juri\/"]}]},{"@type":"BreadcrumbList","@id":"https:\/\/www.parkimine.ee\/en\/parking\/juri\/#breadcrumb","itemListElement":[{"@type":"ListItem","position":1,"name":"Home","item":"https:\/\/www.parkimine.ee\/en\/"},{"@type":"ListItem","position":2,"name":"Parking","item":"https:\/\/www.parkimine.ee\/en\/parking\/"},{"@type":"ListItem","position":3,"name":"J\u00fcri"}]}]}},"_links":{"self":[{"href":"https:\/\/www.parkimine.ee\/en\/wp-json\/wp\/v2\/pages\/6433","targetHints":{"allow":["GET"]}}],"collection":[{"href":"https:\/\/www.parkimine.ee\/en\/wp-json\/wp\/v2\/pages"}],"about":[{"href":"https:\/\/www.parkimine.ee\/en\/wp-json\/wp\/v2\/types\/page"}],"author":[{"embeddable":true,"href":"https:\/\/www.parkimine.ee\/en\/wp-json\/wp\/v2\/users\/9"}],"replies":[{"embeddable":true,"href":"https:\/\/www.parkimine.ee\/en\/wp-json\/wp\/v2\/comments?post=6433"}],"version-history":[{"count":1,"href":"https:\/\/www.parkimine.ee\/en\/wp-json\/wp\/v2\/pages\/6433\/revisions"}],"predecessor-version":[{"id":6434,"href":"https:\/\/www.parkimine.ee\/en\/wp-json\/wp\/v2\/pages\/6433\/revisions\/6434"}],"up":[{"embeddable":true,"href":"https:\/\/www.parkimine.ee\/en\/wp-json\/wp\/v2\/pages\/363"}],"wp:attachment":[{"href":"https:\/\/www.parkimine.ee\/en\/wp-json\/wp\/v2\/media?parent=6433"}],"curies":[{"name":"wp","href":"https:\/\/api.w.org\/{rel}","templated":true}]}}