{"id":180,"date":"2019-01-13T17:43:17","date_gmt":"2019-01-13T15:43:17","guid":{"rendered":"https:\/\/www.parkimine.ee\/?page_id=180"},"modified":"2020-09-17T08:46:38","modified_gmt":"2020-09-17T05:46:38","slug":"login","status":"publish","type":"page","link":"https:\/\/www.parkimine.ee\/ru\/login\/","title":{"rendered":"\u0412\u043e\u0439\u0442\u0438 \u0432 \u0441\u0430\u043c\u043e\u043e\u0431\u0441\u043b\u0443\u0436\u0438\u0432\u0430\u043d\u0438\u0435"},"content":{"rendered":"\r\n<p>\u0412\u043b\u0430\u0434\u0435\u043b\u0435\u0446 \u0442\u0440\u0430\u043d\u0441\u043f\u043e\u0440\u0442\u043d\u043e\u0433\u043e \u0441\u0440\u0435\u0434\u0441\u0442\u0432\u0430 \u043c\u043e\u0436\u0435\u0442 \u043f\u043e\u0441\u043c\u043e\u0442\u0440\u0435\u0442\u044c \u0434\u0430\u043d\u043d\u044b\u0435 \u043f\u043e \u0448\u0442\u0440\u0430\u0444\u0443 \u0438 \u0444\u043e\u0442\u043e\u0433\u0440\u0430\u0444\u0438\u0438, \u0442\u0430\u043a\u0436\u0435 \u043f\u043e\u0434\u0430\u0442\u044c \u0437\u0430\u044f\u0432\u043b\u0435\u043d\u0438\u0435 \u043d\u0430 \u043e\u0431\u0436\u0430\u043b\u043e\u0432\u0430\u043d\u0438\u0435.<br \/>\u0420\u0443\u043a\u043e\u0432\u043e\u0434\u0438\u0442\u0435\u043b\u044c \u0444\u0438\u0440\u043c\u044b \u043c\u043e\u0436\u0435\u0442 \u0434\u0435\u043b\u0435\u0433\u0438\u0440\u043e\u0432\u0430\u0442\u044c \u043f\u0440\u0430\u0432\u043e \u043d\u0430 \u0443\u043f\u0440\u0430\u0432\u043b\u0435\u043d\u0438\u0435 \u0434\u0430\u043d\u043d\u044b\u043c\u0438 \u0440\u0430\u0431\u043e\u0442\u043d\u0438\u043a\u0430\u043c \u0438\u043b\u0438 \u0434\u043e\u0432\u0435\u0440\u0435\u043d\u043d\u044b\u043c \u043b\u0438\u0446\u0430\u043c.<\/p>\r\n<p>\u041f\u0440\u0438 \u0432\u0445\u043e\u0434\u0435 \u0432 \u0431\u044e\u0440\u043e \u0441\u0430\u043c\u043e\u043e\u0431\u0441\u043b\u0443\u0436\u0438\u0432\u0430\u043d\u0438\u044f, \u0432\u044b \u043f\u0440\u0435\u0434\u043e\u0441\u0442\u0430\u0432\u043b\u044f\u0435\u0442\u0435 AS \u00dchisteenused \u0441\u043e\u0433\u043b\u0430\u0441\u0438\u0435 \u043d\u0430 \u043e\u0431\u0440\u0430\u0431\u043e\u0442\u043a\u0443 \u043f\u0435\u0440\u0441\u043e\u043d\u0430\u043b\u044c\u043d\u044b\u0445 \u0434\u0430\u043d\u043d\u044b\u0445. AS \u00dchisteenused \u0431\u0443\u0434\u0435\u0442 \u0438\u0441\u043f\u043e\u043b\u044c\u0437\u043e\u0432\u0430\u0442\u044c \u043b\u0438\u0447\u043d\u044b\u0435 \u0434\u0430\u043d\u043d\u044b\u0435 \u0442\u043e\u043b\u044c\u043a\u043e \u0434\u043b\u044f \u0446\u0435\u043b\u0435\u0439, \u0443\u043a\u0430\u0437\u0430\u043d\u043d\u044b\u0445 \u0432 \u0443\u0441\u0442\u0430\u0432\u0435 \u043f\u0440\u0435\u0434\u043f\u0440\u0438\u044f\u0442\u0438\u044f (\u0432 \u0447\u0430\u0441\u0442\u043d\u043e\u0441\u0442\u0438, \u043f\u0440\u0435\u0434\u043e\u0441\u0442\u0430\u0432\u043b\u0435\u043d\u0438\u044f \u0443\u0441\u043b\u0443\u0433 \u043f\u0430\u0440\u043a\u043e\u0432\u043a\u0438) \u0438 \u0432 \u0442\u043e\u0439 \u0441\u0442\u0435\u043f\u0435\u043d\u0438, \u0432 \u043a\u043e\u0442\u043e\u0440\u043e\u0439 \u044d\u0442\u043e \u043f\u0440\u0435\u0434\u0443\u0441\u043c\u043e\u0442\u0440\u0435\u043d\u043e.<\/p>\r\n<p>NB! \u041f\u0440\u0438\u043d\u0446\u0438\u043f\u044b \u043e\u0431\u0440\u0430\u0431\u043e\u0442\u043a\u0438 \u043f\u0435\u0440\u0441\u043e\u043d\u0430\u043b\u044c\u043d\u044b\u0445 \u0434\u0430\u043d\u043d\u044b\u0445 \u043f\u0440\u0438\u043c\u0435\u043d\u044f\u044e\u0442\u0441\u044f \u0442\u043e\u043b\u044c\u043a\u043e \u043a \u0447\u0430\u0441\u0442\u043d\u043e\u043f\u0440\u0430\u0432\u043d\u044b\u043c \u043e\u0442\u043d\u043e\u0448\u0435\u043d\u0438\u044f\u043c. \u0415\u0441\u043b\u0438 \u0432\u044b \u0437\u0430\u0445\u043e\u0434\u0435\u0442\u0435 \u0432\u00a0\u00a0\u043f\u043e\u0440\u0442\u0430\u043b \u0432 \u0441\u0432\u044f\u0437\u0438 \u0441 \u043f\u0430\u0440\u043a\u043e\u0432\u043a\u043e\u0439 \u043d\u0430 \u043e\u0431\u0449\u0435\u0441\u0442\u0432\u0435\u043d\u043d\u043e\u0439 \u043f\u043b\u0430\u0442\u043d\u043e\u0439 \u043f\u0430\u0440\u043a\u043e\u0432\u043a\u0435 \u0432 \u0422\u0430\u043b\u043b\u0438\u043d\u043d\u0435, \u0434\u0430\u043d\u043d\u044b\u0435 \u043e\u0431\u0440\u0430\u0431\u0430\u0442\u044b\u0432\u0430\u044e\u0442\u0441\u044f \u0438 \u0441\u043e\u0445\u0440\u0430\u043d\u044f\u044e\u0442\u0441\u044f \u0432 \u0441\u043e\u043e\u0442\u0432\u0435\u0442\u0441\u0442\u0432\u0438\u0438 \u0441\u00a0<a href=\"https:\/\/www.riigiteataja.ee\/akt\/427032015002?leiaKehtiv\" target=\"_blank\" rel=\"noopener noreferrer\">Tallinna parkimiskorralduse andmekogu p\u00f5him\u00e4\u00e4rus<\/a>\u00a0\u0438 AS \u00dchisteenused \u043d\u0435 \u043e\u0431\u0440\u0430\u0431\u0430\u0442\u044b\u0432\u0430\u0435\u0442 \u0432\u0430\u0448\u0438 \u0434\u0430\u043d\u043d\u044b\u0435.<\/p>\r\n<p>&nbsp;<\/p>\r\n","protected":false},"excerpt":{"rendered":"<p>\u0412\u043b\u0430\u0434\u0435\u043b\u0435\u0446 \u0442\u0440\u0430\u043d\u0441\u043f\u043e\u0440\u0442\u043d\u043e\u0433\u043e \u0441\u0440\u0435\u0434\u0441\u0442\u0432\u0430 \u043c\u043e\u0436\u0435\u0442 \u043f\u043e\u0441\u043c\u043e\u0442\u0440\u0435\u0442\u044c \u0434\u0430\u043d\u043d\u044b\u0435 \u043f\u043e \u0448\u0442\u0440\u0430\u0444\u0443 \u0438 \u0444\u043e\u0442\u043e\u0433\u0440\u0430\u0444\u0438\u0438, \u0442\u0430\u043a\u0436\u0435 \u043f\u043e\u0434\u0430\u0442\u044c \u0437\u0430\u044f\u0432\u043b\u0435\u043d\u0438\u0435 \u043d\u0430 \u043e\u0431\u0436\u0430\u043b\u043e\u0432\u0430\u043d\u0438\u0435.\u0420\u0443\u043a\u043e\u0432\u043e\u0434\u0438\u0442\u0435\u043b\u044c \u0444\u0438\u0440\u043c\u044b \u043c\u043e\u0436\u0435\u0442 \u0434\u0435\u043b\u0435\u0433\u0438\u0440\u043e\u0432\u0430\u0442\u044c \u043f\u0440\u0430\u0432\u043e \u043d\u0430 [&hellip;]<\/p>\n","protected":false},"author":1,"featured_media":0,"parent":0,"menu_order":169,"comment_status":"closed","ping_status":"closed","template":"page-templates\/page-self-service-login.php","meta":{"_exactmetrics_skip_tracking":false,"_exactmetrics_sitenote_active":false,"_exactmetrics_sitenote_note":"","_exactmetrics_sitenote_category":0,"footnotes":""},"class_list":["post-180","page","type-page","status-publish","hentry"],"yoast_head":"<!-- This site is optimized with the Yoast SEO plugin v18.8 - https:\/\/yoast.com\/wordpress\/plugins\/seo\/ -->\n<title>\u0412\u043e\u0439\u0442\u0438 \u0432 \u0441\u0430\u043c\u043e\u043e\u0431\u0441\u043b\u0443\u0436\u0438\u0432\u0430\u043d\u0438\u0435 - Parkimine.ee<\/title>\n<meta name=\"robots\" content=\"index, follow, max-snippet:-1, max-image-preview:large, max-video-preview:-1\" \/>\n<link rel=\"canonical\" href=\"https:\/\/www.parkimine.ee\/ru\/login\/\" \/>\n<meta property=\"og:locale\" content=\"ru_RU\" \/>\n<meta property=\"og:type\" content=\"article\" \/>\n<meta property=\"og:title\" content=\"\u0412\u043e\u0439\u0442\u0438 \u0432 \u0441\u0430\u043c\u043e\u043e\u0431\u0441\u043b\u0443\u0436\u0438\u0432\u0430\u043d\u0438\u0435 - Parkimine.ee\" \/>\n<meta property=\"og:description\" content=\"\u0412\u043b\u0430\u0434\u0435\u043b\u0435\u0446 \u0442\u0440\u0430\u043d\u0441\u043f\u043e\u0440\u0442\u043d\u043e\u0433\u043e \u0441\u0440\u0435\u0434\u0441\u0442\u0432\u0430 \u043c\u043e\u0436\u0435\u0442 \u043f\u043e\u0441\u043c\u043e\u0442\u0440\u0435\u0442\u044c \u0434\u0430\u043d\u043d\u044b\u0435 \u043f\u043e \u0448\u0442\u0440\u0430\u0444\u0443 \u0438 \u0444\u043e\u0442\u043e\u0433\u0440\u0430\u0444\u0438\u0438, \u0442\u0430\u043a\u0436\u0435 \u043f\u043e\u0434\u0430\u0442\u044c \u0437\u0430\u044f\u0432\u043b\u0435\u043d\u0438\u0435 \u043d\u0430 \u043e\u0431\u0436\u0430\u043b\u043e\u0432\u0430\u043d\u0438\u0435.\u0420\u0443\u043a\u043e\u0432\u043e\u0434\u0438\u0442\u0435\u043b\u044c \u0444\u0438\u0440\u043c\u044b \u043c\u043e\u0436\u0435\u0442 \u0434\u0435\u043b\u0435\u0433\u0438\u0440\u043e\u0432\u0430\u0442\u044c \u043f\u0440\u0430\u0432\u043e \u043d\u0430 [&hellip;]\" \/>\n<meta property=\"og:url\" content=\"https:\/\/www.parkimine.ee\/ru\/login\/\" \/>\n<meta property=\"og:site_name\" content=\"Parkimine.ee\" \/>\n<meta property=\"article:modified_time\" content=\"2020-09-17T05:46:38+00:00\" \/>\n<meta name=\"twitter:card\" content=\"summary_large_image\" \/>\n<script type=\"application\/ld+json\" class=\"yoast-schema-graph\">{\"@context\":\"https:\/\/schema.org\",\"@graph\":[{\"@type\":\"WebSite\",\"@id\":\"https:\/\/www.parkimine.ee\/ru\/#website\",\"url\":\"https:\/\/www.parkimine.ee\/ru\/\",\"name\":\"Parkimine.ee\",\"description\":\"Leia parim parkimiskoht. Tallinna linna parkimine. Avalikud eraparklad. Parkimismajad. Liikluskorraldus.\",\"potentialAction\":[{\"@type\":\"SearchAction\",\"target\":{\"@type\":\"EntryPoint\",\"urlTemplate\":\"https:\/\/www.parkimine.ee\/ru\/?s={search_term_string}\"},\"query-input\":\"required name=search_term_string\"}],\"inLanguage\":\"ru-RU\"},{\"@type\":\"WebPage\",\"@id\":\"https:\/\/www.parkimine.ee\/ru\/login\/#webpage\",\"url\":\"https:\/\/www.parkimine.ee\/ru\/login\/\",\"name\":\"\u0412\u043e\u0439\u0442\u0438 \u0432 \u0441\u0430\u043c\u043e\u043e\u0431\u0441\u043b\u0443\u0436\u0438\u0432\u0430\u043d\u0438\u0435 - Parkimine.ee\",\"isPartOf\":{\"@id\":\"https:\/\/www.parkimine.ee\/ru\/#website\"},\"datePublished\":\"2019-01-13T15:43:17+00:00\",\"dateModified\":\"2020-09-17T05:46:38+00:00\",\"breadcrumb\":{\"@id\":\"https:\/\/www.parkimine.ee\/ru\/login\/#breadcrumb\"},\"inLanguage\":\"ru-RU\",\"potentialAction\":[{\"@type\":\"ReadAction\",\"target\":[\"https:\/\/www.parkimine.ee\/ru\/login\/\"]}]},{\"@type\":\"BreadcrumbList\",\"@id\":\"https:\/\/www.parkimine.ee\/ru\/login\/#breadcrumb\",\"itemListElement\":[{\"@type\":\"ListItem\",\"position\":1,\"name\":\"Home\",\"item\":\"https:\/\/www.parkimine.ee\/ru\/\"},{\"@type\":\"ListItem\",\"position\":2,\"name\":\"\u0412\u043e\u0439\u0442\u0438 \u0432 \u0441\u0430\u043c\u043e\u043e\u0431\u0441\u043b\u0443\u0436\u0438\u0432\u0430\u043d\u0438\u0435\"}]}]}<\/script>\n<!-- \/ Yoast SEO plugin. -->","yoast_head_json":{"title":"\u0412\u043e\u0439\u0442\u0438 \u0432 \u0441\u0430\u043c\u043e\u043e\u0431\u0441\u043b\u0443\u0436\u0438\u0432\u0430\u043d\u0438\u0435 - Parkimine.ee","robots":{"index":"index","follow":"follow","max-snippet":"max-snippet:-1","max-image-preview":"max-image-preview:large","max-video-preview":"max-video-preview:-1"},"canonical":"https:\/\/www.parkimine.ee\/ru\/login\/","og_locale":"ru_RU","og_type":"article","og_title":"\u0412\u043e\u0439\u0442\u0438 \u0432 \u0441\u0430\u043c\u043e\u043e\u0431\u0441\u043b\u0443\u0436\u0438\u0432\u0430\u043d\u0438\u0435 - Parkimine.ee","og_description":"\u0412\u043b\u0430\u0434\u0435\u043b\u0435\u0446 \u0442\u0440\u0430\u043d\u0441\u043f\u043e\u0440\u0442\u043d\u043e\u0433\u043e \u0441\u0440\u0435\u0434\u0441\u0442\u0432\u0430 \u043c\u043e\u0436\u0435\u0442 \u043f\u043e\u0441\u043c\u043e\u0442\u0440\u0435\u0442\u044c \u0434\u0430\u043d\u043d\u044b\u0435 \u043f\u043e \u0448\u0442\u0440\u0430\u0444\u0443 \u0438 \u0444\u043e\u0442\u043e\u0433\u0440\u0430\u0444\u0438\u0438, \u0442\u0430\u043a\u0436\u0435 \u043f\u043e\u0434\u0430\u0442\u044c \u0437\u0430\u044f\u0432\u043b\u0435\u043d\u0438\u0435 \u043d\u0430 \u043e\u0431\u0436\u0430\u043b\u043e\u0432\u0430\u043d\u0438\u0435.\u0420\u0443\u043a\u043e\u0432\u043e\u0434\u0438\u0442\u0435\u043b\u044c \u0444\u0438\u0440\u043c\u044b \u043c\u043e\u0436\u0435\u0442 \u0434\u0435\u043b\u0435\u0433\u0438\u0440\u043e\u0432\u0430\u0442\u044c \u043f\u0440\u0430\u0432\u043e \u043d\u0430 [&hellip;]","og_url":"https:\/\/www.parkimine.ee\/ru\/login\/","og_site_name":"Parkimine.ee","article_modified_time":"2020-09-17T05:46:38+00:00","twitter_card":"summary_large_image","schema":{"@context":"https:\/\/schema.org","@graph":[{"@type":"WebSite","@id":"https:\/\/www.parkimine.ee\/ru\/#website","url":"https:\/\/www.parkimine.ee\/ru\/","name":"Parkimine.ee","description":"Leia parim parkimiskoht. Tallinna linna parkimine. Avalikud eraparklad. Parkimismajad. Liikluskorraldus.","potentialAction":[{"@type":"SearchAction","target":{"@type":"EntryPoint","urlTemplate":"https:\/\/www.parkimine.ee\/ru\/?s={search_term_string}"},"query-input":"required name=search_term_string"}],"inLanguage":"ru-RU"},{"@type":"WebPage","@id":"https:\/\/www.parkimine.ee\/ru\/login\/#webpage","url":"https:\/\/www.parkimine.ee\/ru\/login\/","name":"\u0412\u043e\u0439\u0442\u0438 \u0432 \u0441\u0430\u043c\u043e\u043e\u0431\u0441\u043b\u0443\u0436\u0438\u0432\u0430\u043d\u0438\u0435 - Parkimine.ee","isPartOf":{"@id":"https:\/\/www.parkimine.ee\/ru\/#website"},"datePublished":"2019-01-13T15:43:17+00:00","dateModified":"2020-09-17T05:46:38+00:00","breadcrumb":{"@id":"https:\/\/www.parkimine.ee\/ru\/login\/#breadcrumb"},"inLanguage":"ru-RU","potentialAction":[{"@type":"ReadAction","target":["https:\/\/www.parkimine.ee\/ru\/login\/"]}]},{"@type":"BreadcrumbList","@id":"https:\/\/www.parkimine.ee\/ru\/login\/#breadcrumb","itemListElement":[{"@type":"ListItem","position":1,"name":"Home","item":"https:\/\/www.parkimine.ee\/ru\/"},{"@type":"ListItem","position":2,"name":"\u0412\u043e\u0439\u0442\u0438 \u0432 \u0441\u0430\u043c\u043e\u043e\u0431\u0441\u043b\u0443\u0436\u0438\u0432\u0430\u043d\u0438\u0435"}]}]}},"_links":{"self":[{"href":"https:\/\/www.parkimine.ee\/ru\/wp-json\/wp\/v2\/pages\/180","targetHints":{"allow":["GET"]}}],"collection":[{"href":"https:\/\/www.parkimine.ee\/ru\/wp-json\/wp\/v2\/pages"}],"about":[{"href":"https:\/\/www.parkimine.ee\/ru\/wp-json\/wp\/v2\/types\/page"}],"author":[{"embeddable":true,"href":"https:\/\/www.parkimine.ee\/ru\/wp-json\/wp\/v2\/users\/1"}],"replies":[{"embeddable":true,"href":"https:\/\/www.parkimine.ee\/ru\/wp-json\/wp\/v2\/comments?post=180"}],"version-history":[{"count":5,"href":"https:\/\/www.parkimine.ee\/ru\/wp-json\/wp\/v2\/pages\/180\/revisions"}],"predecessor-version":[{"id":4717,"href":"https:\/\/www.parkimine.ee\/ru\/wp-json\/wp\/v2\/pages\/180\/revisions\/4717"}],"wp:attachment":[{"href":"https:\/\/www.parkimine.ee\/ru\/wp-json\/wp\/v2\/media?parent=180"}],"curies":[{"name":"wp","href":"https:\/\/api.w.org\/{rel}","templated":true}]}}