{"id":1859,"date":"2019-06-10T18:04:13","date_gmt":"2019-06-10T15:04:13","guid":{"rendered":"https:\/\/www.parkimine.ee\/?page_id=1859"},"modified":"2025-09-02T12:40:53","modified_gmt":"2025-09-02T09:40:53","slug":"tallinn","status":"publish","type":"page","link":"https:\/\/www.parkimine.ee\/ru\/park-informatsiya\/tallinn\/","title":{"rendered":"\u0422\u0430\u043b\u043b\u0438\u043d\u043d"},"content":{"rendered":"<p id=\"tw-target-text\" dir=\"ltr\" data-placeholder=\"Translation\"><span lang=\"ru\"><img loading=\"lazy\" decoding=\"async\" class=\"size-medium wp-image-4346 alignright\" src=\"https:\/\/www.parkimine.ee\/wp-content\/uploads\/2020\/06\/tallinn-300x214.png\" alt=\"\" width=\"300\" height=\"214\" srcset=\"https:\/\/www.parkimine.ee\/wp-content\/uploads\/2020\/06\/tallinn-300x214.png 300w, https:\/\/www.parkimine.ee\/wp-content\/uploads\/2020\/06\/tallinn.png 700w\" sizes=\"auto, (max-width: 300px) 100vw, 300px\" \/>\u0412 \u0422\u0430\u043b\u043b\u0438\u043d\u043d\u0435 \u043c\u043e\u0436\u043d\u043e \u043f\u0430\u0440\u043a\u043e\u0432\u0430\u0442\u044c\u0441\u044f:<\/span><\/p>\n<ul>\n<li dir=\"ltr\" data-placeholder=\"Translation\"><span lang=\"ru\"><span lang=\"ru\">H\u0430 <\/span><\/span><a href=\"https:\/\/www.parkimine.ee\/ru\/park-informatsiya\/tallinn\/chastnye-parkovki\/\">\u0447\u0430\u0441\u0442\u043d\u044b\u0445 <span lang=\"ru\">\u043f\u0430\u0440\u043a\u043e\u0432\u043a\u0430\u0445<\/span><\/a><span lang=\"ru\"> (<\/span><span lang=\"ru\">\u0438 <a href=\"https:\/\/www.parkimine.ee\/ru\/park-informatsiya\/tallinn\/parkovochnye-doma\/\">\u043f\u0430\u0440\u043a\u043e\u0432\u043e\u0447\u043d\u044b\u0435 \u0434\u043e\u043c\u0430<\/a>)<\/span><\/li>\n<li dir=\"ltr\" data-placeholder=\"Translation\">\u0411\u0435\u0441\u043f\u043b\u0430\u0442\u043d\u0430\u044f \u043f\u0430\u0440\u043a\u043e\u0432\u043a\u0430<\/li>\n<\/ul>\n<p><strong><span class=\"Y2IQFc\" lang=\"ru\">\u041d\u0430 \u0447\u0430\u0441\u0442\u043d\u043e\u0439 \u0437\u0435\u043c\u043b\u0435<\/span><\/strong><span class=\"Y2IQFc\" lang=\"ru\">\u00a0<\/span><span class=\"Y2IQFc\" lang=\"ru\">\u043f<\/span><span class=\"Y2IQFc\" lang=\"ru\">\u043b\u0430\u0442\u0430, \u0441\u043a\u0438\u0434\u043a\u0438 \u0438\u00a0<\/span><span class=\"Y2IQFc\" lang=\"ru\">\u043b\u044c\u0433\u043e\u0442\u044b \u0437\u0430 \u043f\u0430\u0440\u043a\u043e\u0432\u043a\u0443 \u0443\u0441\u0442\u0430\u043d\u043e\u0432\u043b\u0435\u043d\u044b <\/span><span class=\"Y2IQFc\" lang=\"ru\">\u043d\u0430 \u043e\u0441\u043d<\/span>\u0432\u0430\u043d\u0438\u0438 \u0434\u043e\u0433\u043e\u0432\u043e\u0440\u0430 \u043c\u0435\u0436\u0434\u0443 \u043a\u043e\u043c\u043f\u0430\u043d\u0438\u0438 \u0437\u0430\u043d\u0438\u043c\u0430\u044e\u0449\u0430\u044f\u0441\u044f \u043f\u0430\u0440\u043a\u043e\u0432\u043a\u043e\u0439 \u0438 \u0437\u0435\u043c\u043b\u0435\u0432\u043b\u0430\u0434\u0435\u043b\u044c\u0446\u0435\u043c.<\/p>\n<p><span class=\"Y2IQFc\" lang=\"ru\">\u0412\u043e\u0434\u0438\u0442\u0435\u043b\u044c \u043e\u0431\u044f\u0437\u0430\u043d \u043e\u043f\u0440\u0435\u0434\u0435\u043b\u0438\u0442\u044c, \u043d\u0430\u0445\u043e\u0434\u0438\u0442\u0441\u044f \u043b\u0438 \u043e\u043d \u043d\u0430 \u0431\u0435\u0441\u043f\u043b\u0430\u0442\u043d\u043e\u0439 \u0430\u0432\u0442\u043e\u0441\u0442\u043e\u044f\u043d\u043a\u0435 \u0438\u043b\u0438 \u043d\u0430 \u0447\u0430\u0441\u0442\u043d\u043e\u0439 \u0430\u0432\u0442\u043e\u0441\u0442\u043e\u044f\u043d\u043a\u0435. \u0421 \u0447\u0430\u0441\u0442\u043d\u044b\u043c\u0438 \u043f\u0430\u0440\u043a\u043e\u0432\u043a\u0430\u043c\u0438 <\/span><span class=\"Y2IQFc\" lang=\"ru\">\u043c\u043e\u0436\u043d\u043e \u043e\u0437\u043d\u0430\u043a\u043e\u043c\u0438\u0442\u044c\u0441\u044f<\/span><span class=\"Y2IQFc\" lang=\"ru\">\u00a0\u043d\u0430<\/span><a href=\"https:\/\/www.parkimine.ee\/ru\/\"><span class=\"Y2IQFc\" lang=\"ru\"> www.parkimine.ee<\/span><\/a><span class=\"Y2IQFc\" lang=\"ru\">.<\/span><\/p>\n<p dir=\"ltr\" data-placeholder=\"T\u00f5lge\">\n","protected":false},"excerpt":{"rendered":"<p>Esimesed 15 minutit on tasuta, kui juht on parkimise algusaja kirjalikult v\u00f5i parkimiskella abil fikseerinud.<br \/>\nParkimiskell v\u00f5i kirjalik teade parkimise alguse kohta peab olema s\u00f5iduki esiklaasil n\u00e4htaval kohal.<br \/>\nRohkem infot parkimise kohta l\u00fchinumbril 1669.<br \/>\nValikuvariant nr 1 vastab t\u00f6\u00f6p\u00e4eviti ajavahemikul 08.00-17.00<br \/>\nvalikuvariant number 2 vastab 24\/7<\/p>\n","protected":false},"author":1,"featured_media":0,"parent":1857,"menu_order":235,"comment_status":"closed","ping_status":"closed","template":"","meta":{"_exactmetrics_skip_tracking":false,"_exactmetrics_sitenote_active":false,"_exactmetrics_sitenote_note":"","_exactmetrics_sitenote_category":0,"footnotes":""},"class_list":["post-1859","page","type-page","status-publish","hentry"],"yoast_head":"<!-- This site is optimized with the Yoast SEO plugin v18.8 - https:\/\/yoast.com\/wordpress\/plugins\/seo\/ -->\n<title>\u0422\u0430\u043b\u043b\u0438\u043d\u043d - Parkimine.ee<\/title>\n<meta name=\"robots\" content=\"index, follow, max-snippet:-1, max-image-preview:large, max-video-preview:-1\" \/>\n<link rel=\"canonical\" href=\"https:\/\/www.parkimine.ee\/ru\/park-informatsiya\/tallinn\/\" \/>\n<meta property=\"og:locale\" content=\"ru_RU\" \/>\n<meta property=\"og:type\" content=\"article\" \/>\n<meta property=\"og:title\" content=\"\u0422\u0430\u043b\u043b\u0438\u043d\u043d - Parkimine.ee\" \/>\n<meta property=\"og:description\" content=\"Esimesed 15 minutit on tasuta, kui juht on parkimise algusaja kirjalikult v\u00f5i parkimiskella abil fikseerinud. Parkimiskell v\u00f5i kirjalik teade parkimise alguse kohta peab olema s\u00f5iduki esiklaasil n\u00e4htaval kohal. Rohkem infot parkimise kohta l\u00fchinumbril 1669. Valikuvariant nr 1 vastab t\u00f6\u00f6p\u00e4eviti ajavahemikul 08.00-17.00 valikuvariant number 2 vastab 24\/7\" \/>\n<meta property=\"og:url\" content=\"https:\/\/www.parkimine.ee\/ru\/park-informatsiya\/tallinn\/\" \/>\n<meta property=\"og:site_name\" content=\"Parkimine.ee\" \/>\n<meta property=\"article:modified_time\" content=\"2025-09-02T09:40:53+00:00\" \/>\n<meta property=\"og:image\" content=\"https:\/\/www.parkimine.ee\/wp-content\/uploads\/2020\/06\/tallinn-300x214.png\" \/>\n<meta name=\"twitter:card\" content=\"summary_large_image\" \/>\n<script type=\"application\/ld+json\" class=\"yoast-schema-graph\">{\"@context\":\"https:\/\/schema.org\",\"@graph\":[{\"@type\":\"WebSite\",\"@id\":\"https:\/\/www.parkimine.ee\/ru\/#website\",\"url\":\"https:\/\/www.parkimine.ee\/ru\/\",\"name\":\"Parkimine.ee\",\"description\":\"Leia parim parkimiskoht. Tallinna linna parkimine. Avalikud eraparklad. Parkimismajad. Liikluskorraldus.\",\"potentialAction\":[{\"@type\":\"SearchAction\",\"target\":{\"@type\":\"EntryPoint\",\"urlTemplate\":\"https:\/\/www.parkimine.ee\/ru\/?s={search_term_string}\"},\"query-input\":\"required name=search_term_string\"}],\"inLanguage\":\"ru-RU\"},{\"@type\":\"ImageObject\",\"inLanguage\":\"ru-RU\",\"@id\":\"https:\/\/www.parkimine.ee\/ru\/park-informatsiya\/tallinn\/#primaryimage\",\"url\":\"https:\/\/www.parkimine.ee\/wp-content\/uploads\/2020\/06\/tallinn.png\",\"contentUrl\":\"https:\/\/www.parkimine.ee\/wp-content\/uploads\/2020\/06\/tallinn.png\",\"width\":700,\"height\":500},{\"@type\":\"WebPage\",\"@id\":\"https:\/\/www.parkimine.ee\/ru\/park-informatsiya\/tallinn\/#webpage\",\"url\":\"https:\/\/www.parkimine.ee\/ru\/park-informatsiya\/tallinn\/\",\"name\":\"\u0422\u0430\u043b\u043b\u0438\u043d\u043d - Parkimine.ee\",\"isPartOf\":{\"@id\":\"https:\/\/www.parkimine.ee\/ru\/#website\"},\"primaryImageOfPage\":{\"@id\":\"https:\/\/www.parkimine.ee\/ru\/park-informatsiya\/tallinn\/#primaryimage\"},\"datePublished\":\"2019-06-10T15:04:13+00:00\",\"dateModified\":\"2025-09-02T09:40:53+00:00\",\"breadcrumb\":{\"@id\":\"https:\/\/www.parkimine.ee\/ru\/park-informatsiya\/tallinn\/#breadcrumb\"},\"inLanguage\":\"ru-RU\",\"potentialAction\":[{\"@type\":\"ReadAction\",\"target\":[\"https:\/\/www.parkimine.ee\/ru\/park-informatsiya\/tallinn\/\"]}]},{\"@type\":\"BreadcrumbList\",\"@id\":\"https:\/\/www.parkimine.ee\/ru\/park-informatsiya\/tallinn\/#breadcrumb\",\"itemListElement\":[{\"@type\":\"ListItem\",\"position\":1,\"name\":\"Home\",\"item\":\"https:\/\/www.parkimine.ee\/ru\/\"},{\"@type\":\"ListItem\",\"position\":2,\"name\":\"\u041f\u0430\u0440\u043a. \u0438\u043d\u0444\u043e\u0440\u043c\u0430\u0446\u0438\u044f\",\"item\":\"https:\/\/www.parkimine.ee\/ru\/park-informatsiya\/\"},{\"@type\":\"ListItem\",\"position\":3,\"name\":\"\u0422\u0430\u043b\u043b\u0438\u043d\u043d\"}]}]}<\/script>\n<!-- \/ Yoast SEO plugin. -->","yoast_head_json":{"title":"\u0422\u0430\u043b\u043b\u0438\u043d\u043d - Parkimine.ee","robots":{"index":"index","follow":"follow","max-snippet":"max-snippet:-1","max-image-preview":"max-image-preview:large","max-video-preview":"max-video-preview:-1"},"canonical":"https:\/\/www.parkimine.ee\/ru\/park-informatsiya\/tallinn\/","og_locale":"ru_RU","og_type":"article","og_title":"\u0422\u0430\u043b\u043b\u0438\u043d\u043d - Parkimine.ee","og_description":"Esimesed 15 minutit on tasuta, kui juht on parkimise algusaja kirjalikult v\u00f5i parkimiskella abil fikseerinud. Parkimiskell v\u00f5i kirjalik teade parkimise alguse kohta peab olema s\u00f5iduki esiklaasil n\u00e4htaval kohal. Rohkem infot parkimise kohta l\u00fchinumbril 1669. Valikuvariant nr 1 vastab t\u00f6\u00f6p\u00e4eviti ajavahemikul 08.00-17.00 valikuvariant number 2 vastab 24\/7","og_url":"https:\/\/www.parkimine.ee\/ru\/park-informatsiya\/tallinn\/","og_site_name":"Parkimine.ee","article_modified_time":"2025-09-02T09:40:53+00:00","og_image":[{"url":"https:\/\/www.parkimine.ee\/wp-content\/uploads\/2020\/06\/tallinn-300x214.png"}],"twitter_card":"summary_large_image","schema":{"@context":"https:\/\/schema.org","@graph":[{"@type":"WebSite","@id":"https:\/\/www.parkimine.ee\/ru\/#website","url":"https:\/\/www.parkimine.ee\/ru\/","name":"Parkimine.ee","description":"Leia parim parkimiskoht. Tallinna linna parkimine. Avalikud eraparklad. Parkimismajad. Liikluskorraldus.","potentialAction":[{"@type":"SearchAction","target":{"@type":"EntryPoint","urlTemplate":"https:\/\/www.parkimine.ee\/ru\/?s={search_term_string}"},"query-input":"required name=search_term_string"}],"inLanguage":"ru-RU"},{"@type":"ImageObject","inLanguage":"ru-RU","@id":"https:\/\/www.parkimine.ee\/ru\/park-informatsiya\/tallinn\/#primaryimage","url":"https:\/\/www.parkimine.ee\/wp-content\/uploads\/2020\/06\/tallinn.png","contentUrl":"https:\/\/www.parkimine.ee\/wp-content\/uploads\/2020\/06\/tallinn.png","width":700,"height":500},{"@type":"WebPage","@id":"https:\/\/www.parkimine.ee\/ru\/park-informatsiya\/tallinn\/#webpage","url":"https:\/\/www.parkimine.ee\/ru\/park-informatsiya\/tallinn\/","name":"\u0422\u0430\u043b\u043b\u0438\u043d\u043d - Parkimine.ee","isPartOf":{"@id":"https:\/\/www.parkimine.ee\/ru\/#website"},"primaryImageOfPage":{"@id":"https:\/\/www.parkimine.ee\/ru\/park-informatsiya\/tallinn\/#primaryimage"},"datePublished":"2019-06-10T15:04:13+00:00","dateModified":"2025-09-02T09:40:53+00:00","breadcrumb":{"@id":"https:\/\/www.parkimine.ee\/ru\/park-informatsiya\/tallinn\/#breadcrumb"},"inLanguage":"ru-RU","potentialAction":[{"@type":"ReadAction","target":["https:\/\/www.parkimine.ee\/ru\/park-informatsiya\/tallinn\/"]}]},{"@type":"BreadcrumbList","@id":"https:\/\/www.parkimine.ee\/ru\/park-informatsiya\/tallinn\/#breadcrumb","itemListElement":[{"@type":"ListItem","position":1,"name":"Home","item":"https:\/\/www.parkimine.ee\/ru\/"},{"@type":"ListItem","position":2,"name":"\u041f\u0430\u0440\u043a. \u0438\u043d\u0444\u043e\u0440\u043c\u0430\u0446\u0438\u044f","item":"https:\/\/www.parkimine.ee\/ru\/park-informatsiya\/"},{"@type":"ListItem","position":3,"name":"\u0422\u0430\u043b\u043b\u0438\u043d\u043d"}]}]}},"_links":{"self":[{"href":"https:\/\/www.parkimine.ee\/ru\/wp-json\/wp\/v2\/pages\/1859","targetHints":{"allow":["GET"]}}],"collection":[{"href":"https:\/\/www.parkimine.ee\/ru\/wp-json\/wp\/v2\/pages"}],"about":[{"href":"https:\/\/www.parkimine.ee\/ru\/wp-json\/wp\/v2\/types\/page"}],"author":[{"embeddable":true,"href":"https:\/\/www.parkimine.ee\/ru\/wp-json\/wp\/v2\/users\/1"}],"replies":[{"embeddable":true,"href":"https:\/\/www.parkimine.ee\/ru\/wp-json\/wp\/v2\/comments?post=1859"}],"version-history":[{"count":24,"href":"https:\/\/www.parkimine.ee\/ru\/wp-json\/wp\/v2\/pages\/1859\/revisions"}],"predecessor-version":[{"id":9644,"href":"https:\/\/www.parkimine.ee\/ru\/wp-json\/wp\/v2\/pages\/1859\/revisions\/9644"}],"up":[{"embeddable":true,"href":"https:\/\/www.parkimine.ee\/ru\/wp-json\/wp\/v2\/pages\/1857"}],"wp:attachment":[{"href":"https:\/\/www.parkimine.ee\/ru\/wp-json\/wp\/v2\/media?parent=1859"}],"curies":[{"name":"wp","href":"https:\/\/api.w.org\/{rel}","templated":true}]}}