{"id":2485,"date":"2019-10-30T13:22:03","date_gmt":"2019-10-30T11:22:03","guid":{"rendered":"https:\/\/www.parkimine.ee\/?page_id=2485"},"modified":"2020-10-22T16:16:34","modified_gmt":"2020-10-22T13:16:34","slug":"stroitelstvu-razrabotchikam","status":"publish","type":"page","link":"https:\/\/www.parkimine.ee\/ru\/stroitelstvu-razrabotchikam\/","title":{"rendered":"\u0421\u0442\u0440\u043e\u0438\u0442\u0435\u043b\u044c\u0441\u0442\u0432\u0443-\u0420\u0430\u0437\u0440\u0430\u0431\u043e\u0442\u0447\u0438\u043a\u0430\u043c"},"content":{"rendered":"<p style=\"font-weight: 400;\"><img loading=\"lazy\" decoding=\"async\" class=\"size-medium wp-image-4538 alignright\" src=\"https:\/\/www.parkimine.ee\/wp-content\/uploads\/2020\/07\/image-300x214.png\" alt=\"\" width=\"300\" height=\"214\" srcset=\"https:\/\/www.parkimine.ee\/wp-content\/uploads\/2020\/07\/image-300x214.png 300w, https:\/\/www.parkimine.ee\/wp-content\/uploads\/2020\/07\/image.png 700w\" sizes=\"auto, (max-width: 300px) 100vw, 300px\" \/>AS \u00dchisteenused \u043e\u043a\u0430\u0437\u044b\u0432\u0430\u0435\u0442 \u043f\u043e\u043c\u043e\u0449\u044c \u0437\u0430\u043a\u0430\u0437\u0447\u0438\u043a\u0443 \u0432 \u0440\u0435\u0433\u0443\u043b\u0438\u0440\u043e\u0432\u0430\u043d\u0438\u0438 \u0434\u043e\u0440\u043e\u0436\u043d\u043e\u0433\u043e \u0434\u0432\u0438\u0436\u0435\u043d\u0438\u044f , \u043f\u0430\u0440\u043a\u043e\u0432\u043e\u043a \u0438 \u043d\u0430\u00a0 \u0443\u043a\u0430\u0437\u0430\u043d\u043d\u044b\u0445 \u0437\u0430\u043a\u0430\u0437\u0447\u0438\u043a\u043e\u043c \u043e\u0431\u044a\u0435\u043a\u0442\u0430\u0445 \u0438 \u043c\u0435\u0440\u043e\u043f\u0440\u0438\u044f\u0442\u0438\u044f\u0445 (\u0434\u043e\u0440\u043e\u0436\u043d\u044b\u0435 \u0440\u0430\u0431\u043e\u0442\u044b, \u0441\u043f\u043e\u0440\u0442\u0438\u0432\u043d\u044b\u0435, \u043a\u0443\u043b\u044c\u0442\u0443\u0440\u043d\u044b\u0435 \u0438 \u0434\u0440\u0443\u0433\u0438\u0435 \u043c\u0430\u0441\u0441\u043e\u0432\u044b\u0435 \u043c\u0435\u0440\u043e\u043f\u0440\u0438\u044f\u0442\u0438\u044f).<\/p>\n<p style=\"font-weight: 400;\">\u041d\u0430\u0448\u0438 \u0441\u043f\u0435\u0446\u0438\u0430\u043b\u0438\u0441\u0442\u044b \u043f\u0440\u0435\u0434\u043b\u043e\u0436\u0430\u0442 \u043f\u043e\u0434\u0445\u043e\u0434\u044f\u0449\u0435\u0435 \u0440\u0435\u0448\u0435\u043d\u0438\u0435 ,\u0430 \u0442\u0430\u043a \u0436\u0435 \u0441\u043e\u0441\u0442\u0430\u0432\u044f\u0442 \u0434\u043e\u0440\u043e\u0436\u043d\u0443\u044e \u0441\u0445\u0435\u043c\u0443 \u0434\u0432\u0438\u0436\u0435\u043d\u0438\u044f.<\/p>\n<p style=\"font-weight: 400;\"><strong>\u041f\u0440\u0435\u0434\u043b\u0430\u0433\u0430\u0435\u043c\u044b\u0435 \u0443\u0441\u043b\u0443\u0433\u0438 :<\/strong><\/p>\n<ul>\n<li style=\"font-weight: 400;\">\u0420\u0435\u0433\u0443\u043b\u0438\u0440\u043e\u0432\u0430\u043d\u0438\u0435 \u0434\u043e\u0440\u043e\u0436\u043d\u043e\u0433\u043e \u0434\u0432\u0438\u0436\u0435\u043d\u0438\u044f<\/li>\n<li style=\"font-weight: 400;\">\u041e\u0440\u0433\u0430\u043d\u0438\u0437\u0430\u0446\u0438\u044f \u043f\u0430\u0440\u043a\u043e\u0432\u043a\u0438 \u043d\u0430 \u0432\u0440\u0435\u043c\u044f \u043c\u0435\u0440\u043e\u043f\u0440\u0438\u044f\u0442\u0438\u0439<\/li>\n<li style=\"font-weight: 400;\">\u0421\u043e\u0441\u0442\u0430\u0432\u043b\u0435\u043d\u0438\u0435 \u0434\u043e\u0440\u043e\u0436\u043d\u043e\u0439 \u0441\u0445\u0435\u043c\u044b<\/li>\n<\/ul>\n<p style=\"font-weight: 400;\">\u041c\u044b \u0442\u0430\u043a\u0436\u0435 \u043c\u043e\u0436\u0435\u043c \u043f\u043e\u043c\u043e\u0447\u044c \u0432 \u0440\u0430\u0437\u043c\u0435\u0449\u0435\u043d\u0438\u0438 \u0432\u0440\u0435\u043c\u0435\u043d\u043d\u044b\u0445 \u0434\u043e\u0440\u043e\u0436\u043d\u044b\u0445 \u0437\u043d\u0430\u043a\u043e\u0432.<\/p>\n<p>&nbsp;<\/p>\n<p style=\"font-weight: 400;\"><strong>\u0427\u0442\u043e \u043d\u0443\u0436\u043d\u043e \u0437\u043d\u0430\u0442\u044c:<\/strong><\/p>\n<p style=\"font-weight: 400;\">\u0420\u0430\u0437\u0440\u0430\u0431\u043e\u0442\u043a\u0430 \u043f\u0440\u043e\u0435\u043a\u0442\u0430, \u0441\u0432\u044f\u0437\u0430\u043d\u043d\u043e\u0433\u043e \u0441 \u0434\u043e\u0440\u043e\u0436\u043d\u044b\u043c \u0434\u0432\u0438\u0436\u0435\u043d\u0438\u0435\u043c \u0437\u0430\u0439\u043c\u0435\u0442 \u043f\u0440\u0438\u043c\u0435\u0440\u043d\u043e 3-4 \u043d\u0435\u0434\u0435\u043b\u0438. \u00a0\u0412 \u044d\u0442\u043e \u0432\u0440\u0435\u043c\u044f \u0432\u0445\u043e\u0434\u0438\u0442: \u0432\u0441\u0442\u0440\u0435\u0447\u0430 \u0441 \u043a\u043b\u0438\u0435\u043d\u0442\u043e\u043c, \u043f\u043e\u0441\u0442\u0430\u043d\u043e\u0432\u043b\u0435\u043d\u0438\u0438 \u0437\u0430\u0434\u0430\u0447\u0438 \u0432 \u043f\u043e\u0434\u0433\u043e\u0442\u043e\u0432\u043a\u0435 \u043e\u0441\u043d\u043e\u0432\u043d\u043e\u0439 \u0434\u043e\u0440\u043e\u0436\u043d\u043e\u0439 \u0441\u0445\u0435\u043c\u044b. \u0421\u043b\u0435\u0434\u0443\u044e\u0449\u0438\u043c \u044d\u0442\u0430\u043f\u043e\u043c \u044f\u0432\u043b\u044f\u0435\u0442\u0441\u044f \u0440\u0430\u0437\u0440\u0430\u0431\u043e\u0442\u043a\u0430 \u0434\u043e\u0440\u043e\u0436\u043d\u043e\u0439 \u0441\u0445\u0435\u043c\u044b \u0434\u0432\u0438\u0436\u0435\u043d\u0438\u044f, \u0441\u043e\u0432\u043c\u0435\u0441\u0442\u043d\u043e\u0435 \u043f\u043e\u0441\u0435\u0449\u0435\u043d\u0438\u0435 \u043e\u0431\u044a\u0435\u043a\u0442\u0430, \u0437\u0430\u043a\u0430\u0437 \u0434\u043e\u0440\u043e\u0436\u043d\u044b\u0445 \u0437\u043d\u0430\u043a\u043e\u0432 \u0438 \u0440\u0430\u0441\u0441\u0442\u0430\u043d\u043e\u0432\u043a\u0430 \u0440\u0435\u0433\u0443\u043b\u0438\u0440\u043e\u0432\u0449\u0438\u043a\u043e\u0432 \u043f\u043e \u043e\u0431\u044a\u0435\u043a\u0442\u0430\u043c \u043d\u0430 \u0432\u0440\u0435\u043c\u044f \u043f\u0440\u043e\u0432\u0435\u0434\u0435\u043d\u0438\u044f \u043c\u0435\u0440\u043e\u043f\u0440\u0438\u044f\u0442\u0438\u044f.<\/p>\n<p style=\"font-weight: 400;\">\u0415\u0441\u043b\u0438 \u0438\u043c\u0435\u0435\u0442\u0441\u044f \u0441\u0445\u0435\u043c\u0430 \u0434\u043e\u0440\u043e\u0436\u043d\u043e\u0433\u043e \u0434\u0432\u0438\u0436\u0435\u043d\u0438\u044f \u0438 \u00a0\u0431\u044b\u043b\u043e \u043f\u0440\u043e\u0438\u0437\u0432\u0435\u0434\u0435\u043d\u043e \u0441\u043e\u0432\u043c\u0435\u0441\u0442\u043d\u043e\u0435 \u043f\u043e\u0441\u0435\u0449\u0435\u043d\u0438\u0435 \u0442\u0435\u0440\u0440\u0438\u0442\u043e\u0440\u0438\u0438, \u043d\u043e \u0443\u00a0 \u0432\u0430\u0441 \u043d\u0435\u0442 \u0440\u0435\u0433\u0443\u043b\u0438\u0440\u043e\u0432\u0449\u0438\u043a\u043e\u0432 \u0438 \u043b\u044e\u0434\u0435\u0439, \u043a\u043e\u0442\u043e\u0440\u044b\u0435 \u043e\u0441\u0443\u0449\u0435\u0441\u0442\u0432\u043b\u044f\u044e\u0442 \u043f\u0430\u0440\u043a\u043e\u0432\u043e\u0447\u043d\u044b\u0439 \u043a\u043e\u043d\u0442\u0440\u043e\u043b\u044c, \u0442\u043e \u00a0\u0434\u043e\u0441\u0442\u0430\u0442\u043e\u0447\u043d\u043e \u0437\u0430 2-3 \u0434\u043d\u0435\u0439 \u0434\u043e \u043c\u0435\u0440\u043e\u043f\u0440\u0438\u044f\u0442\u0438\u044f \u043f\u0440\u0435\u0434\u0432\u0430\u0440\u0438\u0442\u0435\u043b\u044c\u043d\u043e \u0441\u043e\u043e\u0431\u0449\u0438\u0442\u044c, \u0447\u0442\u043e \u0438\u043c\u0435\u043d\u043d\u043e \u0432\u0430\u043c \u0442\u0440\u0435\u0431\u0443\u0435\u0442\u0441\u044f.<\/p>\n<p style=\"font-weight: 400;\">\u0421\u043e\u0432\u043c\u0435\u0441\u0442\u043d\u044b\u0435 \u043f\u0440\u043e\u0435\u043a\u0442\u044b \u043f\u043e \u0434\u043e\u0440\u043e\u0436\u043d\u043e\u043c\u0443 \u043f\u0440\u043e\u0435\u043a\u0442\u0443 \u043f\u0440\u043e\u0432\u0435\u0434\u0451\u043d\u043d\u044b\u0435 AS \u00dchisteenused:<\/p>\n<ul>\n<li style=\"font-weight: 400;\">Vabaduse V\u00e4ljaku \u00fcmberehitus<\/li>\n<li style=\"font-weight: 400;\">Viljandi mnt ristmiku \u00fcmberehitus<\/li>\n<li style=\"font-weight: 400;\">Saue linna ja Keila mnt ristmiku\u00a0 \u00fcmberehitus<\/li>\n<li style=\"font-weight: 400;\">\u00dclemiste ristmikul reguleerimist\u00f6\u00f6d<\/li>\n<li style=\"font-weight: 400;\">Hiiu Raudtee \u00fcles\u00f5idu \u00fcmberehitus<\/li>\n<li style=\"font-weight: 400;\">Sauga teel\u00f5igu reguleerimist\u00f6\u00f6d<\/li>\n<li style=\"font-weight: 400;\">Puurmani teel\u00f5igu reguleerimist\u00f6\u00f6d<\/li>\n<\/ul>\n<p>\u0414\u043e\u043f\u043e\u043b\u043d\u0438\u0442\u0435\u043b\u044c\u043d\u0430\u044f \u0438\u043d\u0444\u043e\u0440\u043c\u0430\u0446\u0438\u044f \u043f\u043e \u044d\u043b\u0435\u043a\u0442\u0440\u043e\u043d\u043d\u043e\u0439 \u043f\u043e\u0447\u0442\u0435\u00a0<a title=\"mailto:parkimine@yhisteenused.ee\" href=\"mailto:parkimine@yhisteenused.ee\" target=\"_blank\" rel=\"noopener noreferrer\">parkimine[A]yhisteenused.ee<\/a>.<\/p>\n","protected":false},"excerpt":{"rendered":"<p>traffic management services during road construction works<\/p>\n","protected":false},"author":1,"featured_media":252,"parent":0,"menu_order":66,"comment_status":"closed","ping_status":"closed","template":"","meta":{"_exactmetrics_skip_tracking":false,"_exactmetrics_sitenote_active":false,"_exactmetrics_sitenote_note":"","_exactmetrics_sitenote_category":0,"footnotes":""},"class_list":["post-2485","page","type-page","status-publish","has-post-thumbnail","hentry"],"yoast_head":"<!-- This site is optimized with the Yoast SEO plugin v18.8 - https:\/\/yoast.com\/wordpress\/plugins\/seo\/ -->\n<title>\u0421\u0442\u0440\u043e\u0438\u0442\u0435\u043b\u044c\u0441\u0442\u0432\u0443-\u0420\u0430\u0437\u0440\u0430\u0431\u043e\u0442\u0447\u0438\u043a\u0430\u043c - Parkimine.ee<\/title>\n<meta name=\"robots\" content=\"index, follow, max-snippet:-1, max-image-preview:large, max-video-preview:-1\" \/>\n<link rel=\"canonical\" href=\"https:\/\/www.parkimine.ee\/ru\/stroitelstvu-razrabotchikam\/\" \/>\n<meta property=\"og:locale\" content=\"ru_RU\" \/>\n<meta property=\"og:type\" content=\"article\" \/>\n<meta property=\"og:title\" content=\"\u0421\u0442\u0440\u043e\u0438\u0442\u0435\u043b\u044c\u0441\u0442\u0432\u0443-\u0420\u0430\u0437\u0440\u0430\u0431\u043e\u0442\u0447\u0438\u043a\u0430\u043c - Parkimine.ee\" \/>\n<meta property=\"og:description\" content=\"traffic management services during road construction works\" \/>\n<meta property=\"og:url\" content=\"https:\/\/www.parkimine.ee\/ru\/stroitelstvu-razrabotchikam\/\" \/>\n<meta property=\"og:site_name\" content=\"Parkimine.ee\" \/>\n<meta property=\"article:modified_time\" content=\"2020-10-22T13:16:34+00:00\" \/>\n<meta property=\"og:image\" content=\"https:\/\/www.parkimine.ee\/wp-content\/uploads\/2019\/02\/ehitajale.jpg\" \/>\n\t<meta property=\"og:image:width\" content=\"286\" \/>\n\t<meta property=\"og:image:height\" content=\"206\" \/>\n\t<meta property=\"og:image:type\" content=\"image\/jpeg\" \/>\n<meta name=\"twitter:card\" content=\"summary_large_image\" \/>\n<script type=\"application\/ld+json\" class=\"yoast-schema-graph\">{\"@context\":\"https:\/\/schema.org\",\"@graph\":[{\"@type\":\"WebSite\",\"@id\":\"https:\/\/www.parkimine.ee\/ru\/#website\",\"url\":\"https:\/\/www.parkimine.ee\/ru\/\",\"name\":\"Parkimine.ee\",\"description\":\"Leia parim parkimiskoht. Tallinna linna parkimine. Avalikud eraparklad. Parkimismajad. Liikluskorraldus.\",\"potentialAction\":[{\"@type\":\"SearchAction\",\"target\":{\"@type\":\"EntryPoint\",\"urlTemplate\":\"https:\/\/www.parkimine.ee\/ru\/?s={search_term_string}\"},\"query-input\":\"required name=search_term_string\"}],\"inLanguage\":\"ru-RU\"},{\"@type\":\"ImageObject\",\"inLanguage\":\"ru-RU\",\"@id\":\"https:\/\/www.parkimine.ee\/ru\/stroitelstvu-razrabotchikam\/#primaryimage\",\"url\":\"https:\/\/www.parkimine.ee\/wp-content\/uploads\/2019\/02\/ehitajale.jpg\",\"contentUrl\":\"https:\/\/www.parkimine.ee\/wp-content\/uploads\/2019\/02\/ehitajale.jpg\",\"width\":286,\"height\":206},{\"@type\":\"WebPage\",\"@id\":\"https:\/\/www.parkimine.ee\/ru\/stroitelstvu-razrabotchikam\/#webpage\",\"url\":\"https:\/\/www.parkimine.ee\/ru\/stroitelstvu-razrabotchikam\/\",\"name\":\"\u0421\u0442\u0440\u043e\u0438\u0442\u0435\u043b\u044c\u0441\u0442\u0432\u0443-\u0420\u0430\u0437\u0440\u0430\u0431\u043e\u0442\u0447\u0438\u043a\u0430\u043c - Parkimine.ee\",\"isPartOf\":{\"@id\":\"https:\/\/www.parkimine.ee\/ru\/#website\"},\"primaryImageOfPage\":{\"@id\":\"https:\/\/www.parkimine.ee\/ru\/stroitelstvu-razrabotchikam\/#primaryimage\"},\"datePublished\":\"2019-10-30T11:22:03+00:00\",\"dateModified\":\"2020-10-22T13:16:34+00:00\",\"breadcrumb\":{\"@id\":\"https:\/\/www.parkimine.ee\/ru\/stroitelstvu-razrabotchikam\/#breadcrumb\"},\"inLanguage\":\"ru-RU\",\"potentialAction\":[{\"@type\":\"ReadAction\",\"target\":[\"https:\/\/www.parkimine.ee\/ru\/stroitelstvu-razrabotchikam\/\"]}]},{\"@type\":\"BreadcrumbList\",\"@id\":\"https:\/\/www.parkimine.ee\/ru\/stroitelstvu-razrabotchikam\/#breadcrumb\",\"itemListElement\":[{\"@type\":\"ListItem\",\"position\":1,\"name\":\"Home\",\"item\":\"https:\/\/www.parkimine.ee\/ru\/\"},{\"@type\":\"ListItem\",\"position\":2,\"name\":\"\u0421\u0442\u0440\u043e\u0438\u0442\u0435\u043b\u044c\u0441\u0442\u0432\u0443-\u0420\u0430\u0437\u0440\u0430\u0431\u043e\u0442\u0447\u0438\u043a\u0430\u043c\"}]}]}<\/script>\n<!-- \/ Yoast SEO plugin. -->","yoast_head_json":{"title":"\u0421\u0442\u0440\u043e\u0438\u0442\u0435\u043b\u044c\u0441\u0442\u0432\u0443-\u0420\u0430\u0437\u0440\u0430\u0431\u043e\u0442\u0447\u0438\u043a\u0430\u043c - Parkimine.ee","robots":{"index":"index","follow":"follow","max-snippet":"max-snippet:-1","max-image-preview":"max-image-preview:large","max-video-preview":"max-video-preview:-1"},"canonical":"https:\/\/www.parkimine.ee\/ru\/stroitelstvu-razrabotchikam\/","og_locale":"ru_RU","og_type":"article","og_title":"\u0421\u0442\u0440\u043e\u0438\u0442\u0435\u043b\u044c\u0441\u0442\u0432\u0443-\u0420\u0430\u0437\u0440\u0430\u0431\u043e\u0442\u0447\u0438\u043a\u0430\u043c - Parkimine.ee","og_description":"traffic management services during road construction works","og_url":"https:\/\/www.parkimine.ee\/ru\/stroitelstvu-razrabotchikam\/","og_site_name":"Parkimine.ee","article_modified_time":"2020-10-22T13:16:34+00:00","og_image":[{"width":286,"height":206,"url":"https:\/\/www.parkimine.ee\/wp-content\/uploads\/2019\/02\/ehitajale.jpg","type":"image\/jpeg"}],"twitter_card":"summary_large_image","schema":{"@context":"https:\/\/schema.org","@graph":[{"@type":"WebSite","@id":"https:\/\/www.parkimine.ee\/ru\/#website","url":"https:\/\/www.parkimine.ee\/ru\/","name":"Parkimine.ee","description":"Leia parim parkimiskoht. Tallinna linna parkimine. Avalikud eraparklad. Parkimismajad. Liikluskorraldus.","potentialAction":[{"@type":"SearchAction","target":{"@type":"EntryPoint","urlTemplate":"https:\/\/www.parkimine.ee\/ru\/?s={search_term_string}"},"query-input":"required name=search_term_string"}],"inLanguage":"ru-RU"},{"@type":"ImageObject","inLanguage":"ru-RU","@id":"https:\/\/www.parkimine.ee\/ru\/stroitelstvu-razrabotchikam\/#primaryimage","url":"https:\/\/www.parkimine.ee\/wp-content\/uploads\/2019\/02\/ehitajale.jpg","contentUrl":"https:\/\/www.parkimine.ee\/wp-content\/uploads\/2019\/02\/ehitajale.jpg","width":286,"height":206},{"@type":"WebPage","@id":"https:\/\/www.parkimine.ee\/ru\/stroitelstvu-razrabotchikam\/#webpage","url":"https:\/\/www.parkimine.ee\/ru\/stroitelstvu-razrabotchikam\/","name":"\u0421\u0442\u0440\u043e\u0438\u0442\u0435\u043b\u044c\u0441\u0442\u0432\u0443-\u0420\u0430\u0437\u0440\u0430\u0431\u043e\u0442\u0447\u0438\u043a\u0430\u043c - Parkimine.ee","isPartOf":{"@id":"https:\/\/www.parkimine.ee\/ru\/#website"},"primaryImageOfPage":{"@id":"https:\/\/www.parkimine.ee\/ru\/stroitelstvu-razrabotchikam\/#primaryimage"},"datePublished":"2019-10-30T11:22:03+00:00","dateModified":"2020-10-22T13:16:34+00:00","breadcrumb":{"@id":"https:\/\/www.parkimine.ee\/ru\/stroitelstvu-razrabotchikam\/#breadcrumb"},"inLanguage":"ru-RU","potentialAction":[{"@type":"ReadAction","target":["https:\/\/www.parkimine.ee\/ru\/stroitelstvu-razrabotchikam\/"]}]},{"@type":"BreadcrumbList","@id":"https:\/\/www.parkimine.ee\/ru\/stroitelstvu-razrabotchikam\/#breadcrumb","itemListElement":[{"@type":"ListItem","position":1,"name":"Home","item":"https:\/\/www.parkimine.ee\/ru\/"},{"@type":"ListItem","position":2,"name":"\u0421\u0442\u0440\u043e\u0438\u0442\u0435\u043b\u044c\u0441\u0442\u0432\u0443-\u0420\u0430\u0437\u0440\u0430\u0431\u043e\u0442\u0447\u0438\u043a\u0430\u043c"}]}]}},"_links":{"self":[{"href":"https:\/\/www.parkimine.ee\/ru\/wp-json\/wp\/v2\/pages\/2485","targetHints":{"allow":["GET"]}}],"collection":[{"href":"https:\/\/www.parkimine.ee\/ru\/wp-json\/wp\/v2\/pages"}],"about":[{"href":"https:\/\/www.parkimine.ee\/ru\/wp-json\/wp\/v2\/types\/page"}],"author":[{"embeddable":true,"href":"https:\/\/www.parkimine.ee\/ru\/wp-json\/wp\/v2\/users\/1"}],"replies":[{"embeddable":true,"href":"https:\/\/www.parkimine.ee\/ru\/wp-json\/wp\/v2\/comments?post=2485"}],"version-history":[{"count":3,"href":"https:\/\/www.parkimine.ee\/ru\/wp-json\/wp\/v2\/pages\/2485\/revisions"}],"predecessor-version":[{"id":4850,"href":"https:\/\/www.parkimine.ee\/ru\/wp-json\/wp\/v2\/pages\/2485\/revisions\/4850"}],"wp:featuredmedia":[{"embeddable":true,"href":"https:\/\/www.parkimine.ee\/ru\/wp-json\/wp\/v2\/media\/252"}],"wp:attachment":[{"href":"https:\/\/www.parkimine.ee\/ru\/wp-json\/wp\/v2\/media?parent=2485"}],"curies":[{"name":"wp","href":"https:\/\/api.w.org\/{rel}","templated":true}]}}