{"id":2489,"date":"2019-10-30T13:26:55","date_gmt":"2019-10-30T11:26:55","guid":{"rendered":"https:\/\/www.parkimine.ee\/?page_id=2489"},"modified":"2020-10-22T11:26:42","modified_gmt":"2020-10-22T08:26:42","slug":"kvartirnomu-tovarishhestvu","status":"publish","type":"page","link":"https:\/\/www.parkimine.ee\/ru\/kvartirnomu-tovarishhestvu\/","title":{"rendered":"\u041a\u0432\u0430\u0440\u0442\u0438\u0440\u043d\u043e\u043c\u0443 \u0442\u043e\u0432\u0430\u0440\u0438\u0449\u0435\u0441\u0442\u0432\u0443"},"content":{"rendered":"<p style=\"font-weight: 400;\"><img loading=\"lazy\" decoding=\"async\" class=\"size-medium wp-image-4611 alignright\" src=\"https:\/\/www.parkimine.ee\/wp-content\/uploads\/2020\/08\/K--300x214.png\" alt=\"\" width=\"300\" height=\"214\" srcset=\"https:\/\/www.parkimine.ee\/wp-content\/uploads\/2020\/08\/K--300x214.png 300w, https:\/\/www.parkimine.ee\/wp-content\/uploads\/2020\/08\/K-.png 700w\" sizes=\"auto, (max-width: 300px) 100vw, 300px\" \/>\u041a\u0430\u043a \u043f\u0440\u0430\u0432\u0438\u043b\u043e,\u043a\u0432\u0430\u0440\u0442\u0438\u0440\u043d\u043e\u0435 \u0442\u043e\u0432\u0430\u0440\u0438\u0449\u0435\u0441\u0442\u0432\u043e \u0438\u043c\u0435\u0435\u0442 \u0441\u043e\u0431\u0441\u0442\u0432\u0435\u043d\u043d\u0443\u044e \u043f\u0430\u0440\u043a\u043e\u0432\u043a\u0443,\u00a0\u00a0\u0431\u043b\u0438\u0437 \u043b\u0435\u0436\u0430\u0449\u0438\u0435 \u043a\u0432\u0430\u0440\u0442\u0438\u0440\u043d\u044b\u0435 \u0434\u043e\u043c\u0430 \u0438 \u0411\u0438\u0437\u043d\u0435\u0441 \u0446\u0435\u043d\u0442\u0440\u044b\u00a0\u043b\u044e\u0431\u044f\u0442 \u0438\u0441\u043f\u043e\u043b\u044c\u0437\u043e\u0432\u0430\u0442\u044c\u00a0\u00a0\u0442\u0430\u043a\u0438\u0435 \u043f\u0430\u0440\u043a\u043e\u0432\u043a\u0438, \u043d\u0435 \u0438\u043c\u0435\u044f \u043d\u0430 \u0442\u043e \u0440\u0430\u0437\u0440\u0435\u0448\u0435\u043d\u0438\u044f.\u00a0AS \u00dchisteenused\u00a0\u043f\u043e\u043c\u043e\u0436\u0435\u0442 \u0412\u0430\u043c \u0440\u0435\u0448\u0438\u0442\u044c \u044d\u0442\u0443 \u043f\u0440\u043e\u0431\u043b\u0435\u043c\u0443, \u0442\u0430\u043a \u043a\u0430\u043a \u043c\u044b\u00a0\u044f\u0432\u043b\u044f\u0435\u043c\u0441\u044f\u00a0\u043d\u0430\u0434\u0435\u0436\u043d\u044b\u043c \u043f\u0430\u0440\u0442\u043d\u0435\u0440\u043e\u043c \u0432\u00a0\u043e\u0431\u0441\u043b\u0443\u0436\u0438\u0432\u0430\u043d\u0438\u0438 \u0438\u00a0\u00a0\u043e\u0440\u0433\u0430\u043d\u0438\u0437\u0430\u0446\u0438\u0438\u00a0\u00a0\u043f\u0430\u0440\u043a\u043e\u0432\u043e\u0447\u043d\u044b\u0445 \u043c\u0435\u0441\u0442.<\/p>\n<p style=\"font-weight: 400;\">\u00a0\u0410\u0432\u0442\u043e\u043c\u043e\u0431\u0438\u043b\u0438 \u043c\u0435\u0441\u0442\u043d\u044b\u0445 \u0436\u0438\u0442\u0435\u043b\u0435\u0439 \u0431\u0443\u0434\u0443\u0442 \u0432\u0432\u0435\u0434\u0435\u043d\u044b \u0432 \u044d\u043b\u0435\u043a\u0442\u0440\u043e\u043d\u043d\u0443\u044e \u0441\u0438\u0441\u0442\u0435\u043c\u0443 \u043f\u0430\u0440\u043a\u043e\u0432\u043a\u0438, \u043a\u043e\u0442\u043e\u0440\u043e\u0439 \u043c\u043e\u0436\u0435\u0442 \u0443\u043f\u0440\u0430\u0432\u043b\u044f\u0442\u044c \u0441\u0430\u043c \u043f\u0440\u0435\u0434\u0441\u0435\u0434\u0430\u0442\u0435\u043b\u044c \u0442\u043e\u0432\u0430\u0440\u0438\u0449\u0435\u0441\u0442\u0432\u0430. \u0413\u043e\u0441\u0442\u0438 \u043c\u043e\u0433\u0443\u0442 \u0432\u043e\u0441\u043f\u043e\u043b\u044c\u0437\u043e\u0432\u0430\u0442\u044c\u0441\u044f \u0432\u0440\u0435\u043c\u0435\u043d\u043d\u043e\u0439 \u043f\u0430\u0440\u043a\u043e\u0432\u043a\u043e\u0439 \u0438\u043b\u0438 \u0433\u043e\u0441\u0442\u0435\u0432\u043e\u0439 \u043a\u0430\u0440\u0442\u043e\u0447\u043a\u043e\u0439.<\/p>\n<p><strong>AS \u00dchisteenused\u00a0<\/strong><strong>\u043e\u0431\u0441\u043b\u0443\u0436\u0438\u0432\u0430\u0435\u0442 \u043f\u0430\u0440\u043a\u043e\u0432\u043e\u043a \u0441\u043b\u0435\u0434\u0443\u044e\u0449\u0438\u0445 \u0442\u043e\u0432\u0430\u0440\u0438\u0449\u0435\u0441\u0442\u0432 <\/strong><strong><span lang=\"ru\">\u0432 \u0422\u0430\u043b\u043b\u0438\u043d\u043d\u0435, \u0422\u0430\u0440\u0442\u0443 \u0438 \u041d\u0430\u0440\u0432\u0435<\/span><\/strong><strong>:<\/strong><\/p>\n<ul style=\"font-weight: 400;\">\n<li>Luise 4 Luise 4 K\u00dc<\/li>\n<li>N\u00f5lvaku 11, Tartu Korteri\u00fchistu N\u00f5lvaku<\/li>\n<li>Pronksi 5 K\u00dc &#8220;Pronksi 5&#8221;<\/li>\n<li>Lastekodu 6 K\u00dc Lastekodu 6<\/li>\n<li>Liivalaia 21 K\u00dc Liivalaia 21<\/li>\n<li>Uus 65, Tartu K\u00dc Uus 65<\/li>\n<li>W. Struve 5, Tartu K\u00dc W. Struve 5<\/li>\n<li>Vana-Kalamaja 7 K\u00dc Vana-Kalamaja 7<\/li>\n<li>V\u00e4ike-Ameerika 9 K\u00dc V\u00e4ike-Ameerika 9<\/li>\n<li>\u0418 \u0442\u0430\u043a \u0434\u0430\u043b\u0435\u0435.<\/li>\n<\/ul>\n<p>\u0414\u043e\u043f\u043e\u043b\u043d\u0438\u0442\u0435\u043b\u044c\u043d\u0430\u044f \u0438\u043d\u0444\u043e\u0440\u043c\u0430\u0446\u0438\u044f \u043f\u043e \u044d\u043b\u0435\u043a\u0442\u0440\u043e\u043d\u043d\u043e\u0439 \u043f\u043e\u0447\u0442\u0435\u00a0<a title=\"mailto:parkimine@yhisteenused.ee\" href=\"mailto:parkimine@yhisteenused.ee\" target=\"_blank\" rel=\"noopener noreferrer\">parkimine[A]yhisteenused.ee<\/a>.<\/p>\n","protected":false},"excerpt":{"rendered":"<p>\u041a\u0430\u043a \u043f\u0440\u0430\u0432\u0438\u043b\u043e,\u043a\u0432\u0430\u0440\u0442\u0438\u0440\u043d\u043e\u0435 \u0442\u043e\u0432\u0430\u0440\u0438\u0449\u0435\u0441\u0442\u0432\u043e \u0438\u043c\u0435\u0435\u0442 \u0441\u043e\u0431\u0441\u0442\u0432\u0435\u043d\u043d\u0443\u044e \u043f\u0430\u0440\u043a\u043e\u0432\u043a\u0443,\u00a0\u00a0\u0431\u043b\u0438\u0437 \u043b\u0435\u0436\u0430\u0449\u0438\u0435 \u043a\u0432\u0430\u0440\u0442\u0438\u0440\u043d\u044b\u0435 \u0434\u043e\u043c\u0430 \u0438 \u0411\u0438\u0437\u043d\u0435\u0441 \u0446\u0435\u043d\u0442\u0440\u044b\u00a0\u043b\u044e\u0431\u044f\u0442 \u0438\u0441\u043f\u043e\u043b\u044c\u0437\u043e\u0432\u0430\u0442\u044c\u00a0\u00a0\u0442\u0430\u043a\u0438\u0435 \u043f\u0430\u0440\u043a\u043e\u0432\u043a\u0438, \u043d\u0435 \u0438\u043c\u0435\u044f \u043d\u0430 \u0442\u043e \u0440\u0430\u0437\u0440\u0435\u0448\u0435\u043d\u0438\u044f.\u00a0AS \u00dchisteenused\u00a0\u043f\u043e\u043c\u043e\u0436\u0435\u0442 [&hellip;]<\/p>\n","protected":false},"author":1,"featured_media":0,"parent":0,"menu_order":64,"comment_status":"closed","ping_status":"closed","template":"","meta":{"_exactmetrics_skip_tracking":false,"_exactmetrics_sitenote_active":false,"_exactmetrics_sitenote_note":"","_exactmetrics_sitenote_category":0,"footnotes":""},"class_list":["post-2489","page","type-page","status-publish","hentry"],"yoast_head":"<!-- This site is optimized with the Yoast SEO plugin v18.8 - https:\/\/yoast.com\/wordpress\/plugins\/seo\/ -->\n<title>\u041a\u0432\u0430\u0440\u0442\u0438\u0440\u043d\u043e\u043c\u0443 \u0442\u043e\u0432\u0430\u0440\u0438\u0449\u0435\u0441\u0442\u0432\u0443 - Parkimine.ee<\/title>\n<meta name=\"robots\" content=\"index, follow, max-snippet:-1, max-image-preview:large, max-video-preview:-1\" \/>\n<link rel=\"canonical\" href=\"https:\/\/www.parkimine.ee\/ru\/kvartirnomu-tovarishhestvu\/\" \/>\n<meta property=\"og:locale\" content=\"ru_RU\" \/>\n<meta property=\"og:type\" content=\"article\" \/>\n<meta property=\"og:title\" content=\"\u041a\u0432\u0430\u0440\u0442\u0438\u0440\u043d\u043e\u043c\u0443 \u0442\u043e\u0432\u0430\u0440\u0438\u0449\u0435\u0441\u0442\u0432\u0443 - Parkimine.ee\" \/>\n<meta property=\"og:description\" content=\"\u041a\u0430\u043a \u043f\u0440\u0430\u0432\u0438\u043b\u043e,\u043a\u0432\u0430\u0440\u0442\u0438\u0440\u043d\u043e\u0435 \u0442\u043e\u0432\u0430\u0440\u0438\u0449\u0435\u0441\u0442\u0432\u043e \u0438\u043c\u0435\u0435\u0442 \u0441\u043e\u0431\u0441\u0442\u0432\u0435\u043d\u043d\u0443\u044e \u043f\u0430\u0440\u043a\u043e\u0432\u043a\u0443,\u00a0\u00a0\u0431\u043b\u0438\u0437 \u043b\u0435\u0436\u0430\u0449\u0438\u0435 \u043a\u0432\u0430\u0440\u0442\u0438\u0440\u043d\u044b\u0435 \u0434\u043e\u043c\u0430 \u0438 \u0411\u0438\u0437\u043d\u0435\u0441 \u0446\u0435\u043d\u0442\u0440\u044b\u00a0\u043b\u044e\u0431\u044f\u0442 \u0438\u0441\u043f\u043e\u043b\u044c\u0437\u043e\u0432\u0430\u0442\u044c\u00a0\u00a0\u0442\u0430\u043a\u0438\u0435 \u043f\u0430\u0440\u043a\u043e\u0432\u043a\u0438, \u043d\u0435 \u0438\u043c\u0435\u044f \u043d\u0430 \u0442\u043e \u0440\u0430\u0437\u0440\u0435\u0448\u0435\u043d\u0438\u044f.\u00a0AS \u00dchisteenused\u00a0\u043f\u043e\u043c\u043e\u0436\u0435\u0442 [&hellip;]\" \/>\n<meta property=\"og:url\" content=\"https:\/\/www.parkimine.ee\/ru\/kvartirnomu-tovarishhestvu\/\" \/>\n<meta property=\"og:site_name\" content=\"Parkimine.ee\" \/>\n<meta property=\"article:modified_time\" content=\"2020-10-22T08:26:42+00:00\" \/>\n<meta property=\"og:image\" content=\"https:\/\/www.parkimine.ee\/wp-content\/uploads\/2020\/08\/K--300x214.png\" \/>\n<meta name=\"twitter:card\" content=\"summary_large_image\" \/>\n<script type=\"application\/ld+json\" class=\"yoast-schema-graph\">{\"@context\":\"https:\/\/schema.org\",\"@graph\":[{\"@type\":\"WebSite\",\"@id\":\"https:\/\/www.parkimine.ee\/ru\/#website\",\"url\":\"https:\/\/www.parkimine.ee\/ru\/\",\"name\":\"Parkimine.ee\",\"description\":\"Leia parim parkimiskoht. Tallinna linna parkimine. Avalikud eraparklad. Parkimismajad. Liikluskorraldus.\",\"potentialAction\":[{\"@type\":\"SearchAction\",\"target\":{\"@type\":\"EntryPoint\",\"urlTemplate\":\"https:\/\/www.parkimine.ee\/ru\/?s={search_term_string}\"},\"query-input\":\"required name=search_term_string\"}],\"inLanguage\":\"ru-RU\"},{\"@type\":\"ImageObject\",\"inLanguage\":\"ru-RU\",\"@id\":\"https:\/\/www.parkimine.ee\/ru\/kvartirnomu-tovarishhestvu\/#primaryimage\",\"url\":\"https:\/\/www.parkimine.ee\/wp-content\/uploads\/2020\/08\/K-.png\",\"contentUrl\":\"https:\/\/www.parkimine.ee\/wp-content\/uploads\/2020\/08\/K-.png\",\"width\":700,\"height\":500},{\"@type\":\"WebPage\",\"@id\":\"https:\/\/www.parkimine.ee\/ru\/kvartirnomu-tovarishhestvu\/#webpage\",\"url\":\"https:\/\/www.parkimine.ee\/ru\/kvartirnomu-tovarishhestvu\/\",\"name\":\"\u041a\u0432\u0430\u0440\u0442\u0438\u0440\u043d\u043e\u043c\u0443 \u0442\u043e\u0432\u0430\u0440\u0438\u0449\u0435\u0441\u0442\u0432\u0443 - Parkimine.ee\",\"isPartOf\":{\"@id\":\"https:\/\/www.parkimine.ee\/ru\/#website\"},\"primaryImageOfPage\":{\"@id\":\"https:\/\/www.parkimine.ee\/ru\/kvartirnomu-tovarishhestvu\/#primaryimage\"},\"datePublished\":\"2019-10-30T11:26:55+00:00\",\"dateModified\":\"2020-10-22T08:26:42+00:00\",\"breadcrumb\":{\"@id\":\"https:\/\/www.parkimine.ee\/ru\/kvartirnomu-tovarishhestvu\/#breadcrumb\"},\"inLanguage\":\"ru-RU\",\"potentialAction\":[{\"@type\":\"ReadAction\",\"target\":[\"https:\/\/www.parkimine.ee\/ru\/kvartirnomu-tovarishhestvu\/\"]}]},{\"@type\":\"BreadcrumbList\",\"@id\":\"https:\/\/www.parkimine.ee\/ru\/kvartirnomu-tovarishhestvu\/#breadcrumb\",\"itemListElement\":[{\"@type\":\"ListItem\",\"position\":1,\"name\":\"Home\",\"item\":\"https:\/\/www.parkimine.ee\/ru\/\"},{\"@type\":\"ListItem\",\"position\":2,\"name\":\"\u041a\u0432\u0430\u0440\u0442\u0438\u0440\u043d\u043e\u043c\u0443 \u0442\u043e\u0432\u0430\u0440\u0438\u0449\u0435\u0441\u0442\u0432\u0443\"}]}]}<\/script>\n<!-- \/ Yoast SEO plugin. -->","yoast_head_json":{"title":"\u041a\u0432\u0430\u0440\u0442\u0438\u0440\u043d\u043e\u043c\u0443 \u0442\u043e\u0432\u0430\u0440\u0438\u0449\u0435\u0441\u0442\u0432\u0443 - Parkimine.ee","robots":{"index":"index","follow":"follow","max-snippet":"max-snippet:-1","max-image-preview":"max-image-preview:large","max-video-preview":"max-video-preview:-1"},"canonical":"https:\/\/www.parkimine.ee\/ru\/kvartirnomu-tovarishhestvu\/","og_locale":"ru_RU","og_type":"article","og_title":"\u041a\u0432\u0430\u0440\u0442\u0438\u0440\u043d\u043e\u043c\u0443 \u0442\u043e\u0432\u0430\u0440\u0438\u0449\u0435\u0441\u0442\u0432\u0443 - Parkimine.ee","og_description":"\u041a\u0430\u043a \u043f\u0440\u0430\u0432\u0438\u043b\u043e,\u043a\u0432\u0430\u0440\u0442\u0438\u0440\u043d\u043e\u0435 \u0442\u043e\u0432\u0430\u0440\u0438\u0449\u0435\u0441\u0442\u0432\u043e \u0438\u043c\u0435\u0435\u0442 \u0441\u043e\u0431\u0441\u0442\u0432\u0435\u043d\u043d\u0443\u044e \u043f\u0430\u0440\u043a\u043e\u0432\u043a\u0443,\u00a0\u00a0\u0431\u043b\u0438\u0437 \u043b\u0435\u0436\u0430\u0449\u0438\u0435 \u043a\u0432\u0430\u0440\u0442\u0438\u0440\u043d\u044b\u0435 \u0434\u043e\u043c\u0430 \u0438 \u0411\u0438\u0437\u043d\u0435\u0441 \u0446\u0435\u043d\u0442\u0440\u044b\u00a0\u043b\u044e\u0431\u044f\u0442 \u0438\u0441\u043f\u043e\u043b\u044c\u0437\u043e\u0432\u0430\u0442\u044c\u00a0\u00a0\u0442\u0430\u043a\u0438\u0435 \u043f\u0430\u0440\u043a\u043e\u0432\u043a\u0438, \u043d\u0435 \u0438\u043c\u0435\u044f \u043d\u0430 \u0442\u043e \u0440\u0430\u0437\u0440\u0435\u0448\u0435\u043d\u0438\u044f.\u00a0AS \u00dchisteenused\u00a0\u043f\u043e\u043c\u043e\u0436\u0435\u0442 [&hellip;]","og_url":"https:\/\/www.parkimine.ee\/ru\/kvartirnomu-tovarishhestvu\/","og_site_name":"Parkimine.ee","article_modified_time":"2020-10-22T08:26:42+00:00","og_image":[{"url":"https:\/\/www.parkimine.ee\/wp-content\/uploads\/2020\/08\/K--300x214.png"}],"twitter_card":"summary_large_image","schema":{"@context":"https:\/\/schema.org","@graph":[{"@type":"WebSite","@id":"https:\/\/www.parkimine.ee\/ru\/#website","url":"https:\/\/www.parkimine.ee\/ru\/","name":"Parkimine.ee","description":"Leia parim parkimiskoht. Tallinna linna parkimine. Avalikud eraparklad. Parkimismajad. Liikluskorraldus.","potentialAction":[{"@type":"SearchAction","target":{"@type":"EntryPoint","urlTemplate":"https:\/\/www.parkimine.ee\/ru\/?s={search_term_string}"},"query-input":"required name=search_term_string"}],"inLanguage":"ru-RU"},{"@type":"ImageObject","inLanguage":"ru-RU","@id":"https:\/\/www.parkimine.ee\/ru\/kvartirnomu-tovarishhestvu\/#primaryimage","url":"https:\/\/www.parkimine.ee\/wp-content\/uploads\/2020\/08\/K-.png","contentUrl":"https:\/\/www.parkimine.ee\/wp-content\/uploads\/2020\/08\/K-.png","width":700,"height":500},{"@type":"WebPage","@id":"https:\/\/www.parkimine.ee\/ru\/kvartirnomu-tovarishhestvu\/#webpage","url":"https:\/\/www.parkimine.ee\/ru\/kvartirnomu-tovarishhestvu\/","name":"\u041a\u0432\u0430\u0440\u0442\u0438\u0440\u043d\u043e\u043c\u0443 \u0442\u043e\u0432\u0430\u0440\u0438\u0449\u0435\u0441\u0442\u0432\u0443 - Parkimine.ee","isPartOf":{"@id":"https:\/\/www.parkimine.ee\/ru\/#website"},"primaryImageOfPage":{"@id":"https:\/\/www.parkimine.ee\/ru\/kvartirnomu-tovarishhestvu\/#primaryimage"},"datePublished":"2019-10-30T11:26:55+00:00","dateModified":"2020-10-22T08:26:42+00:00","breadcrumb":{"@id":"https:\/\/www.parkimine.ee\/ru\/kvartirnomu-tovarishhestvu\/#breadcrumb"},"inLanguage":"ru-RU","potentialAction":[{"@type":"ReadAction","target":["https:\/\/www.parkimine.ee\/ru\/kvartirnomu-tovarishhestvu\/"]}]},{"@type":"BreadcrumbList","@id":"https:\/\/www.parkimine.ee\/ru\/kvartirnomu-tovarishhestvu\/#breadcrumb","itemListElement":[{"@type":"ListItem","position":1,"name":"Home","item":"https:\/\/www.parkimine.ee\/ru\/"},{"@type":"ListItem","position":2,"name":"\u041a\u0432\u0430\u0440\u0442\u0438\u0440\u043d\u043e\u043c\u0443 \u0442\u043e\u0432\u0430\u0440\u0438\u0449\u0435\u0441\u0442\u0432\u0443"}]}]}},"_links":{"self":[{"href":"https:\/\/www.parkimine.ee\/ru\/wp-json\/wp\/v2\/pages\/2489","targetHints":{"allow":["GET"]}}],"collection":[{"href":"https:\/\/www.parkimine.ee\/ru\/wp-json\/wp\/v2\/pages"}],"about":[{"href":"https:\/\/www.parkimine.ee\/ru\/wp-json\/wp\/v2\/types\/page"}],"author":[{"embeddable":true,"href":"https:\/\/www.parkimine.ee\/ru\/wp-json\/wp\/v2\/users\/1"}],"replies":[{"embeddable":true,"href":"https:\/\/www.parkimine.ee\/ru\/wp-json\/wp\/v2\/comments?post=2489"}],"version-history":[{"count":7,"href":"https:\/\/www.parkimine.ee\/ru\/wp-json\/wp\/v2\/pages\/2489\/revisions"}],"predecessor-version":[{"id":4812,"href":"https:\/\/www.parkimine.ee\/ru\/wp-json\/wp\/v2\/pages\/2489\/revisions\/4812"}],"wp:attachment":[{"href":"https:\/\/www.parkimine.ee\/ru\/wp-json\/wp\/v2\/media?parent=2489"}],"curies":[{"name":"wp","href":"https:\/\/api.w.org\/{rel}","templated":true}]}}