{"id":2514,"date":"2019-10-30T13:46:21","date_gmt":"2019-10-30T11:46:21","guid":{"rendered":"https:\/\/www.parkimine.ee\/?page_id=2514"},"modified":"2022-07-01T11:59:39","modified_gmt":"2022-07-01T08:59:39","slug":"parkovka-na-gorodskih-ulitsah","status":"publish","type":"page","link":"https:\/\/www.parkimine.ee\/ru\/park-informatsiya\/tartu\/parkovka-na-gorodskih-ulitsah\/","title":{"rendered":"\u041f\u0430\u0440\u043a\u043e\u0432\u043a\u0430 \u043d\u0430 \u0433\u043e\u0440\u043e\u0434\u0441\u043a\u0438\u0445 \u0443\u043b\u0438\u0446\u0430\u0445 \u0432 \u0422\u0430\u0440\u0442\u0443"},"content":{"rendered":"<p><img loading=\"lazy\" decoding=\"async\" class=\"alignright size-full wp-image-1535\" src=\"https:\/\/www.parkimine.ee\/wp-content\/uploads\/2019\/06\/tartunight.jpg\" alt=\"\" width=\"286\" height=\"179\" \/><\/p>\n<p>\u0412 \u0437\u043e\u043d\u0430\u0445 A \u0438 B \u043f\u043b\u0430\u0442\u043d\u0430\u044f \u043f\u0430\u0440\u043a\u043e\u0432\u043a\u0430 \u043f\u043e \u0440\u0430\u0431\u043e\u0447\u0438\u043c \u0434\u043d\u044f\u043c 8.00 \u2013 19.00. \u041f\u0430\u0440\u043a\u043e\u0432\u043a\u0430 \u0432 \u0437\u043e\u043d\u0435 A \u043f\u043b\u0430\u0442\u043d\u0430\u044f \u043f\u043e \u0441\u0443\u0431\u0431\u043e\u0442\u0430\u043c \u0441 11.00-17.00 \u0438 \u0431\u0435\u0441\u043f\u043b\u0430\u0442\u043d\u0430\u044f \u043f\u0430\u0440\u043a\u043e\u0432\u043a\u0430 \u043f\u043e \u0432\u043e\u0441\u043a\u0440\u0435\u0441\u0435\u043d\u044c\u044f\u043c \u0430 \u0442\u0430\u043a\u0436\u0435 \u0432 \u043f\u0440\u0430\u0437\u0434\u043d\u0438\u0447\u043d\u044b\u0435 \u0434\u043d\u0438. \u041f\u0430\u0440\u043a\u043e\u0432\u043a\u0430 \u0432 \u0437\u043e\u043d\u0435 B \u0431\u0435\u0441\u043f\u043b\u0430\u0442\u043d\u0430 \u043f\u043e \u0441\u0443\u0431\u0431\u043e\u0442\u0430\u043c \u0438 \u0432\u043e\u0441\u043a\u0440\u0435\u0441\u0435\u043d\u044c\u044f\u043c, \u0430 \u0442\u0430\u043a\u0436\u0435 \u0432 \u043f\u0440\u0430\u0437\u0434\u043d\u0438\u0447\u043d\u044b\u0435 \u0434\u043d\u0438. <span lang=\"ru\">\u0412 \u0437\u043e\u043d\u0435 C \u043f\u0430\u0440\u043a\u043e\u0432\u043a\u0430 \u043f\u043b\u0430\u0442\u043d\u0430\u044f 24\/7.<\/span><\/p>\n<pre class=\"tw-data-text tw-text-large tw-ta\" dir=\"ltr\" data-placeholder=\"T\u00f5lge\"><\/pre>\n<p><strong>\u0418\u0441\u043f\u043e\u043b\u044c\u0437\u043e\u0432\u0430\u043d\u0438\u0435 \u0431\u0435\u0441\u043f\u043b\u0430\u0442\u043d\u043e\u0433\u043e \u0432\u0440\u0435\u043c\u0435\u043d\u0438 \u043f\u0430\u0440\u043a\u043e\u0432\u043a\u0438<\/strong><\/p>\n<p>\u0417\u0430\u0444\u0438\u043a\u0441\u0438\u0440\u043e\u0432\u0430\u0432 \u0432\u0440\u0435\u043c\u044f \u043d\u0430\u0447\u0430\u043b\u0430 \u043f\u0430\u0440\u043a\u043e\u0432\u043a\u0438, \u043c\u043e\u0436\u043d\u043e \u043f\u0430\u0440\u043a\u043e\u0432\u0430\u0442\u044c\u0441\u044f 15 \u043c\u0438\u043d\u0443\u0442 \u0431\u0435\u0437\u043f\u043b\u0430\u0442\u043d\u043e \u0432 \u0437\u043e\u043d\u0430\u0445 A \u0438 C \u0438 \u043d\u0430 90 \u043c\u0438\u043d\u0443\u0442 \u0432 \u0437\u043e\u043d\u0435 B \u0431\u0435\u0437 \u043e\u043f\u043b\u0430\u0442\u044b \u043e\u043f\u043b\u0430\u0442\u044b. \u041f\u0438\u0441\u044c\u043c\u0435\u043d\u043d\u043e\u0435 \u0443\u0432\u0435\u0434\u043e\u043c\u043b\u0435\u043d\u0438\u0435 \u0434\u043e\u043b\u0436\u043d\u043e \u0431\u044b\u0442\u044c \u043e\u0444\u043e\u0440\u043c\u043b\u0435\u043d\u043e \u0432 \u043f\u043e\u043d\u044f\u0442\u043d\u043e\u0439, \u043d\u0430\u0433\u043b\u044f\u0434\u043d\u043e\u0439 \u0438 \u0440\u0430\u0437\u0431\u043e\u0440\u0447\u0438\u0432\u043e\u0439 \u0444\u043e\u0440\u043c\u0435. \u041f\u043e \u0438\u0441\u0442\u0435\u0447\u0435\u043d\u0438\u0438 \u0432\u0440\u0435\u043c\u0435\u043d\u0438 \u0431\u0435\u0441\u043f\u043b\u0430\u0442\u043d\u043e\u0439 \u043f\u0430\u0440\u043a\u043e\u0432\u043a\u0438 \u0432\u043e\u0434\u0438\u0442\u0435\u043b\u044c \u043e\u0431\u044f\u0437\u0430\u043d \u043e\u043f\u043b\u0430\u0442\u0438\u0442\u044c \u043f\u0430\u0440\u043a\u043e\u0432\u043a\u0443 \u0432 \u0441\u043e\u043e\u0442\u0432\u0435\u0442\u0441\u0442\u0432\u0438\u0438 \u0441 \u0434\u0435\u0439\u0441\u0442\u0432\u0443\u044e\u0449\u0438\u043c \u0442\u0430\u0440\u0438\u0444\u043e\u043c \u043d\u0430 \u043f\u0430\u0440\u043a\u043e\u0432\u043a\u0443 \u043d\u0430 \u0434\u0430\u043d\u043d\u043e\u0439 \u0442\u0435\u0440\u0440\u0438\u0442\u043e\u0440\u0438\u0438.<\/p>\n<p>&nbsp;<\/p>\n<h4 id=\"tw-target-text\" class=\"tw-data-text tw-text-large tw-ta\" dir=\"ltr\" data-placeholder=\"T\u00f5lge\"><span class=\"Y2IQFc\" lang=\"ru\">\u0421 1 \u0438\u044e\u043b\u044f 2022 \u0433\u043e\u0434\u0430 \u0438\u0437\u043c\u0435\u043d\u0438\u043b\u0430\u0441\u044c \u043f\u043b\u0430\u0442\u0430 \u0437\u0430 \u043f\u0430\u0440\u043a\u043e\u0432\u043a\u0443 \u043d\u0430 \u043e\u0431\u0449\u0435\u0441\u0442\u0432\u0435\u043d\u043d\u044b\u0445 \u043f\u0430\u0440\u043a\u043e\u0432\u043a\u0430\u0445 \u0433\u043e\u0440\u043e\u0434\u0430 \u0422\u0430\u0440\u0442\u0443.<\/span><\/h4>\n<p><strong>\u0417\u043e\u043d\u044b \u0438 \u0446\u0435\u043d\u044b \u0442\u0430\u0440\u0442\u0443\u0441\u043a\u043e\u0439 \u043e\u0431\u0449\u0435\u0441\u0442\u0432\u0435\u043d\u043d\u043e\u0439 \u043f\u043b\u0430\u0442\u043d\u043e\u0439 \u043f\u0430\u0440\u043a\u043e\u0432\u043a\u0438 \u0441\u043b\u0435\u0434\u0443\u044e\u0449\u0438\u0435:<\/strong><\/p>\n<p><a class=\"hash_redirect_link\" data-href=\"#gorod-tartu-zona-a=2299\"><strong>\u0417\u043e\u043d\u0430 \u0410 \u0422\u0430\u0440\u0442\u0443<\/strong><\/a><\/p>\n<p>1 \u0447\u0430\u0441 &#8211; 3 \u20ac<br \/>\n1 \u043c\u0435\u0441\u044f\u0446 &#8211; 120 \u20ac<br \/>\n3 \u043c\u0435\u0441\u044f\u0446\u0430 &#8211; 300 \u20ac<br \/>\n12 \u043c\u0435\u0441\u044f\u0446\u0435\u0432 &#8211; 1200 \u20ac<\/p>\n<p>Gildi tn (l\u00f5igul \u00dclikooli tn \u2013 Kompanii tn), Jaani tn, Jakobi tn (l\u00f5igul \u00dclikooli tn \u2013 K. E. von Baeri tn), K. E. von Baeri tn, K. E. von Baeri tn 1a parkla, Kompanii tn, K\u00fc\u00fctri tn (l\u00f5igul R\u00fc\u00fctli tn \u2013 Kompanii tn), Lai tn (l\u00f5igul R\u00fc\u00fctli tn \u2013 Jakobi tn), Lossi tn, Lutsu tn, Magasini tn, Munga tn, Poe tn, Promenaadi tn, Uueturu tn, Vabaduse pst (l\u00f5igul Lai tn \u2013 Uueturu tn), Vallikraavi tn (l\u00f5igul K\u00fc\u00fcni tn \u2013 Lossi tn), Vallikraavi tn 4a parkla, \u00dclikooli tn.<\/p>\n<p>&nbsp;<\/p>\n<p><strong><a class=\"hash_redirect_link\" data-href=\"#gorod-tartu-zona-b=2301\">\u0417\u043e\u043d\u0430 B \u0422\u0430\u0440\u0442\u0443<\/a><\/strong><\/p>\n<p>1 \u0447\u0430\u0441 &#8211; 1,50 \u20ac<br \/>\n1 \u043c\u0435\u0441\u044f\u0446 &#8211; 60 \u20ac<br \/>\n3 \u043c\u0435\u0441\u044f\u0446\u0430 &#8211; 150\u20ac<br \/>\n12 \u043c\u0435\u0441\u044f\u0446\u0435\u0432 &#8211; 600 \u20ac<\/p>\n<p>A. Haava tn (l\u00f5igul N\u00e4ituse tn \u2013 J. T\u00f5nissoni tn), Aida tn, Akadeemia tn, Aleksandri tn (l\u00f5igul Soola tn \u2013 Aida tn), J. Kuperjanovi tn, J. Liivi tn, J. T\u00f5nissoni tn, J. W. F. Hezeli tn, Kalevi tn (l\u00f5igul Lille tn \u2013 Aida tn), Kaluri tn, Kastani tn (l\u00f5igul N\u00e4ituse tn \u2013 Riia tn), Kloostri tn, Kooli tn, Kroonuaia tn (l\u00f5igul Oa tn \u2013 Jakobi tn), Lao tn, Lille tn, Magistri tn, N\u00e4ituse tn (l\u00f5igul Kooli tn \u2013 K. E. von Baeri tn), Oru tn (l\u00f5igul Veski tn \u2013 K. E. von Baeri tn), Pargi tn, Pepleri tn, P\u00e4eva tn, Sadama tn (l\u00f5igul Turu tn \u2013 Kaluri tn), Soola tn 3a parkla (Tartu hotelli ees asuv parkla), Soola tn T5 parkla (Turusilla parkla), Soola tn (l\u00f5igul V\u00e4ike Turu tn\u00a0\u2013 Turu sild), Tiigi tn, Turu tn 10 parkla (Aura veekeskuse parkla), T\u00e4he tn (l\u00f5igul Riia tn \u2013 Pargi tn), T\u00e4htvere tn (l\u00f5igul Marja tn \u2013 Kroonuaia tn), Vabriku tn, Vaksali tn (l\u00f5igul J. T\u00f5nissoni tn \u2013 Vanemuise tn), Vallikraavi tn (l\u00f5igul Lossi tn \u2013 Pepleri tn), Vanemuise tn, Vanemuise tn 15 parkla (Tartu \u00dclikooli raamatukogu ees asuv parkla), Veski tn, V\u00f5ru tn (l\u00f5igul V\u00e4ike-T\u00e4he tn \u2013 Riia tn), V\u00e4ike-Turu tn 2 parkla (Sadamaturu parkla), V\u00e4ike-T\u00e4he tn (l\u00f5igul V\u00f5ru tn \u2013 T\u00e4he tn), W. Struve tn, \u00d5petaja tn<\/p>\n<p>&nbsp;<\/p>\n<p><a class=\"hash_redirect_link\" href=\"https:\/\/www.parkimine.ee\/ru\/#tartu-linn-c-piirkond=4682\" data-href=\"#gorod-tartu-zona-a=2299\"><strong>\u0417\u043e\u043d\u0430 C \u0422\u0430\u0440\u0442\u0443<\/strong><\/a><\/p>\n<p>1 \u0447\u0430\u0441 &#8211; 0,20 \u20ac<br \/>\n1 \u0434\u0435\u043d\u044c &#8211; 1 \u20ac<br \/>\n1 \u043c\u0435\u0441\u044f\u0446 &#8211; 15 \u20ac<br \/>\n3 \u043c\u0435\u0441\u044f\u0446\u0430 &#8211; 30 \u20ac<br \/>\n12 \u043c\u0435\u0441\u044f\u0446\u0435\u0432 &#8211; 100 \u20ac<\/p>\n<p>M\u00f5isavahe 37, 38.<\/p>\n<p>&nbsp;<\/p>\n<p>\u041f\u043b\u0430\u0442\u0430 \u0437\u0430 \u043f\u0430\u0440\u043a\u043e\u0432\u0443 \u0442\u0440\u0430\u043d\u0441\u043f\u043e\u0440\u0442\u043d\u043e\u0433\u043e \u0441\u0440\u0435\u0434\u0441\u0442\u0432\u0430 \u043a\u0430\u0442\u0435\u0433\u043e\u0440\u0438\u0438 \u0421 \u0438 D \u0432 \u043f\u0430\u0440\u043a\u043e\u0432\u043e\u0447\u043d\u044b\u0445 \u0437\u043e\u043d\u0430\u0445\u00a0A, B \u0443\u0441\u0442\u0430\u043d\u043e\u0432\u043b\u0435\u043d\u0430 \u0432 \u0440\u0430\u0437\u043c\u0435\u0440\u0435 \u043a\u043e\u044d\u0444\u0438\u0446\u0438\u044d\u043d\u0442\u0430 \u0440\u0430\u0432\u043d\u043e\u0433\u043e\u00a0<strong>\u0434\u0432\u0443\u043c<\/strong>. \u0421 \u0440\u0430\u0437\u0440\u0435\u0448\u0435\u043d\u0438\u0435\u043c \u043d\u0430 \u043f\u0430\u0440\u043a\u043e\u0432\u043a\u0443 \u0437\u043e\u043d\u044b \u0410 \u043c\u043e\u0436\u043d\u043e \u043f\u0430\u0440\u043a\u043e\u0432\u0430\u0442\u044c\u0441\u044f \u0432 \u0437\u043e\u043d\u0430\u0445 \u0412.<\/p>\n","protected":false},"excerpt":{"rendered":"<p>\u0412 \u0437\u043e\u043d\u0430\u0445 A \u0438 B \u043f\u043b\u0430\u0442\u043d\u0430\u044f \u043f\u0430\u0440\u043a\u043e\u0432\u043a\u0430 \u043f\u043e \u0440\u0430\u0431\u043e\u0447\u0438\u043c \u0434\u043d\u044f\u043c 8.00 \u2013 19.00. \u041f\u0430\u0440\u043a\u043e\u0432\u043a\u0430 \u0432 \u0437\u043e\u043d\u0435 A \u043f\u043b\u0430\u0442\u043d\u0430\u044f \u043f\u043e \u0441\u0443\u0431\u0431\u043e\u0442\u0430\u043c [&hellip;]<\/p>\n","protected":false},"author":1,"featured_media":0,"parent":2505,"menu_order":116,"comment_status":"closed","ping_status":"closed","template":"","meta":{"_exactmetrics_skip_tracking":false,"_exactmetrics_sitenote_active":false,"_exactmetrics_sitenote_note":"","_exactmetrics_sitenote_category":0,"footnotes":""},"class_list":["post-2514","page","type-page","status-publish","hentry"],"yoast_head":"<!-- This site is optimized with the Yoast SEO plugin v18.8 - https:\/\/yoast.com\/wordpress\/plugins\/seo\/ -->\n<title>\u041f\u0430\u0440\u043a\u043e\u0432\u043a\u0430 \u043d\u0430 \u0433\u043e\u0440\u043e\u0434\u0441\u043a\u0438\u0445 \u0443\u043b\u0438\u0446\u0430\u0445 \u0432 \u0422\u0430\u0440\u0442\u0443 - Parkimine.ee<\/title>\n<meta name=\"robots\" content=\"index, follow, max-snippet:-1, max-image-preview:large, max-video-preview:-1\" \/>\n<link rel=\"canonical\" href=\"https:\/\/www.parkimine.ee\/ru\/park-informatsiya\/tartu\/parkovka-na-gorodskih-ulitsah\/\" \/>\n<meta property=\"og:locale\" content=\"ru_RU\" \/>\n<meta property=\"og:type\" content=\"article\" \/>\n<meta property=\"og:title\" content=\"\u041f\u0430\u0440\u043a\u043e\u0432\u043a\u0430 \u043d\u0430 \u0433\u043e\u0440\u043e\u0434\u0441\u043a\u0438\u0445 \u0443\u043b\u0438\u0446\u0430\u0445 \u0432 \u0422\u0430\u0440\u0442\u0443 - Parkimine.ee\" \/>\n<meta property=\"og:description\" content=\"\u0412 \u0437\u043e\u043d\u0430\u0445 A \u0438 B \u043f\u043b\u0430\u0442\u043d\u0430\u044f \u043f\u0430\u0440\u043a\u043e\u0432\u043a\u0430 \u043f\u043e \u0440\u0430\u0431\u043e\u0447\u0438\u043c \u0434\u043d\u044f\u043c 8.00 \u2013 19.00. \u041f\u0430\u0440\u043a\u043e\u0432\u043a\u0430 \u0432 \u0437\u043e\u043d\u0435 A \u043f\u043b\u0430\u0442\u043d\u0430\u044f \u043f\u043e \u0441\u0443\u0431\u0431\u043e\u0442\u0430\u043c [&hellip;]\" \/>\n<meta property=\"og:url\" content=\"https:\/\/www.parkimine.ee\/ru\/park-informatsiya\/tartu\/parkovka-na-gorodskih-ulitsah\/\" \/>\n<meta property=\"og:site_name\" content=\"Parkimine.ee\" \/>\n<meta property=\"article:modified_time\" content=\"2022-07-01T08:59:39+00:00\" \/>\n<meta property=\"og:image\" content=\"https:\/\/www.parkimine.ee\/wp-content\/uploads\/2019\/06\/tartunight.jpg\" \/>\n<meta name=\"twitter:card\" content=\"summary_large_image\" \/>\n<meta name=\"twitter:label1\" content=\"Est. reading time\" \/>\n\t<meta name=\"twitter:data1\" content=\"3 minutes\" \/>\n<script type=\"application\/ld+json\" class=\"yoast-schema-graph\">{\"@context\":\"https:\/\/schema.org\",\"@graph\":[{\"@type\":\"WebSite\",\"@id\":\"https:\/\/www.parkimine.ee\/ru\/#website\",\"url\":\"https:\/\/www.parkimine.ee\/ru\/\",\"name\":\"Parkimine.ee\",\"description\":\"Leia parim parkimiskoht. Tallinna linna parkimine. Avalikud eraparklad. Parkimismajad. Liikluskorraldus.\",\"potentialAction\":[{\"@type\":\"SearchAction\",\"target\":{\"@type\":\"EntryPoint\",\"urlTemplate\":\"https:\/\/www.parkimine.ee\/ru\/?s={search_term_string}\"},\"query-input\":\"required name=search_term_string\"}],\"inLanguage\":\"ru-RU\"},{\"@type\":\"ImageObject\",\"inLanguage\":\"ru-RU\",\"@id\":\"https:\/\/www.parkimine.ee\/ru\/park-informatsiya\/tartu\/parkovka-na-gorodskih-ulitsah\/#primaryimage\",\"url\":\"https:\/\/www.parkimine.ee\/wp-content\/uploads\/2019\/06\/tartunight.jpg\",\"contentUrl\":\"https:\/\/www.parkimine.ee\/wp-content\/uploads\/2019\/06\/tartunight.jpg\",\"width\":286,\"height\":179},{\"@type\":\"WebPage\",\"@id\":\"https:\/\/www.parkimine.ee\/ru\/park-informatsiya\/tartu\/parkovka-na-gorodskih-ulitsah\/#webpage\",\"url\":\"https:\/\/www.parkimine.ee\/ru\/park-informatsiya\/tartu\/parkovka-na-gorodskih-ulitsah\/\",\"name\":\"\u041f\u0430\u0440\u043a\u043e\u0432\u043a\u0430 \u043d\u0430 \u0433\u043e\u0440\u043e\u0434\u0441\u043a\u0438\u0445 \u0443\u043b\u0438\u0446\u0430\u0445 \u0432 \u0422\u0430\u0440\u0442\u0443 - Parkimine.ee\",\"isPartOf\":{\"@id\":\"https:\/\/www.parkimine.ee\/ru\/#website\"},\"primaryImageOfPage\":{\"@id\":\"https:\/\/www.parkimine.ee\/ru\/park-informatsiya\/tartu\/parkovka-na-gorodskih-ulitsah\/#primaryimage\"},\"datePublished\":\"2019-10-30T11:46:21+00:00\",\"dateModified\":\"2022-07-01T08:59:39+00:00\",\"breadcrumb\":{\"@id\":\"https:\/\/www.parkimine.ee\/ru\/park-informatsiya\/tartu\/parkovka-na-gorodskih-ulitsah\/#breadcrumb\"},\"inLanguage\":\"ru-RU\",\"potentialAction\":[{\"@type\":\"ReadAction\",\"target\":[\"https:\/\/www.parkimine.ee\/ru\/park-informatsiya\/tartu\/parkovka-na-gorodskih-ulitsah\/\"]}]},{\"@type\":\"BreadcrumbList\",\"@id\":\"https:\/\/www.parkimine.ee\/ru\/park-informatsiya\/tartu\/parkovka-na-gorodskih-ulitsah\/#breadcrumb\",\"itemListElement\":[{\"@type\":\"ListItem\",\"position\":1,\"name\":\"Home\",\"item\":\"https:\/\/www.parkimine.ee\/ru\/\"},{\"@type\":\"ListItem\",\"position\":2,\"name\":\"\u041f\u0430\u0440\u043a. \u0438\u043d\u0444\u043e\u0440\u043c\u0430\u0446\u0438\u044f\",\"item\":\"https:\/\/www.parkimine.ee\/ru\/park-informatsiya\/\"},{\"@type\":\"ListItem\",\"position\":3,\"name\":\"\u0422\u0430\u0440\u0442\u0443\",\"item\":\"https:\/\/www.parkimine.ee\/ru\/park-informatsiya\/tartu\/\"},{\"@type\":\"ListItem\",\"position\":4,\"name\":\"\u041f\u0430\u0440\u043a\u043e\u0432\u043a\u0430 \u043d\u0430 \u0433\u043e\u0440\u043e\u0434\u0441\u043a\u0438\u0445 \u0443\u043b\u0438\u0446\u0430\u0445 \u0432 \u0422\u0430\u0440\u0442\u0443\"}]}]}<\/script>\n<!-- \/ Yoast SEO plugin. -->","yoast_head_json":{"title":"\u041f\u0430\u0440\u043a\u043e\u0432\u043a\u0430 \u043d\u0430 \u0433\u043e\u0440\u043e\u0434\u0441\u043a\u0438\u0445 \u0443\u043b\u0438\u0446\u0430\u0445 \u0432 \u0422\u0430\u0440\u0442\u0443 - Parkimine.ee","robots":{"index":"index","follow":"follow","max-snippet":"max-snippet:-1","max-image-preview":"max-image-preview:large","max-video-preview":"max-video-preview:-1"},"canonical":"https:\/\/www.parkimine.ee\/ru\/park-informatsiya\/tartu\/parkovka-na-gorodskih-ulitsah\/","og_locale":"ru_RU","og_type":"article","og_title":"\u041f\u0430\u0440\u043a\u043e\u0432\u043a\u0430 \u043d\u0430 \u0433\u043e\u0440\u043e\u0434\u0441\u043a\u0438\u0445 \u0443\u043b\u0438\u0446\u0430\u0445 \u0432 \u0422\u0430\u0440\u0442\u0443 - Parkimine.ee","og_description":"\u0412 \u0437\u043e\u043d\u0430\u0445 A \u0438 B \u043f\u043b\u0430\u0442\u043d\u0430\u044f \u043f\u0430\u0440\u043a\u043e\u0432\u043a\u0430 \u043f\u043e \u0440\u0430\u0431\u043e\u0447\u0438\u043c \u0434\u043d\u044f\u043c 8.00 \u2013 19.00. \u041f\u0430\u0440\u043a\u043e\u0432\u043a\u0430 \u0432 \u0437\u043e\u043d\u0435 A \u043f\u043b\u0430\u0442\u043d\u0430\u044f \u043f\u043e \u0441\u0443\u0431\u0431\u043e\u0442\u0430\u043c [&hellip;]","og_url":"https:\/\/www.parkimine.ee\/ru\/park-informatsiya\/tartu\/parkovka-na-gorodskih-ulitsah\/","og_site_name":"Parkimine.ee","article_modified_time":"2022-07-01T08:59:39+00:00","og_image":[{"url":"https:\/\/www.parkimine.ee\/wp-content\/uploads\/2019\/06\/tartunight.jpg"}],"twitter_card":"summary_large_image","twitter_misc":{"Est. reading time":"3 minutes"},"schema":{"@context":"https:\/\/schema.org","@graph":[{"@type":"WebSite","@id":"https:\/\/www.parkimine.ee\/ru\/#website","url":"https:\/\/www.parkimine.ee\/ru\/","name":"Parkimine.ee","description":"Leia parim parkimiskoht. Tallinna linna parkimine. Avalikud eraparklad. Parkimismajad. Liikluskorraldus.","potentialAction":[{"@type":"SearchAction","target":{"@type":"EntryPoint","urlTemplate":"https:\/\/www.parkimine.ee\/ru\/?s={search_term_string}"},"query-input":"required name=search_term_string"}],"inLanguage":"ru-RU"},{"@type":"ImageObject","inLanguage":"ru-RU","@id":"https:\/\/www.parkimine.ee\/ru\/park-informatsiya\/tartu\/parkovka-na-gorodskih-ulitsah\/#primaryimage","url":"https:\/\/www.parkimine.ee\/wp-content\/uploads\/2019\/06\/tartunight.jpg","contentUrl":"https:\/\/www.parkimine.ee\/wp-content\/uploads\/2019\/06\/tartunight.jpg","width":286,"height":179},{"@type":"WebPage","@id":"https:\/\/www.parkimine.ee\/ru\/park-informatsiya\/tartu\/parkovka-na-gorodskih-ulitsah\/#webpage","url":"https:\/\/www.parkimine.ee\/ru\/park-informatsiya\/tartu\/parkovka-na-gorodskih-ulitsah\/","name":"\u041f\u0430\u0440\u043a\u043e\u0432\u043a\u0430 \u043d\u0430 \u0433\u043e\u0440\u043e\u0434\u0441\u043a\u0438\u0445 \u0443\u043b\u0438\u0446\u0430\u0445 \u0432 \u0422\u0430\u0440\u0442\u0443 - Parkimine.ee","isPartOf":{"@id":"https:\/\/www.parkimine.ee\/ru\/#website"},"primaryImageOfPage":{"@id":"https:\/\/www.parkimine.ee\/ru\/park-informatsiya\/tartu\/parkovka-na-gorodskih-ulitsah\/#primaryimage"},"datePublished":"2019-10-30T11:46:21+00:00","dateModified":"2022-07-01T08:59:39+00:00","breadcrumb":{"@id":"https:\/\/www.parkimine.ee\/ru\/park-informatsiya\/tartu\/parkovka-na-gorodskih-ulitsah\/#breadcrumb"},"inLanguage":"ru-RU","potentialAction":[{"@type":"ReadAction","target":["https:\/\/www.parkimine.ee\/ru\/park-informatsiya\/tartu\/parkovka-na-gorodskih-ulitsah\/"]}]},{"@type":"BreadcrumbList","@id":"https:\/\/www.parkimine.ee\/ru\/park-informatsiya\/tartu\/parkovka-na-gorodskih-ulitsah\/#breadcrumb","itemListElement":[{"@type":"ListItem","position":1,"name":"Home","item":"https:\/\/www.parkimine.ee\/ru\/"},{"@type":"ListItem","position":2,"name":"\u041f\u0430\u0440\u043a. \u0438\u043d\u0444\u043e\u0440\u043c\u0430\u0446\u0438\u044f","item":"https:\/\/www.parkimine.ee\/ru\/park-informatsiya\/"},{"@type":"ListItem","position":3,"name":"\u0422\u0430\u0440\u0442\u0443","item":"https:\/\/www.parkimine.ee\/ru\/park-informatsiya\/tartu\/"},{"@type":"ListItem","position":4,"name":"\u041f\u0430\u0440\u043a\u043e\u0432\u043a\u0430 \u043d\u0430 \u0433\u043e\u0440\u043e\u0434\u0441\u043a\u0438\u0445 \u0443\u043b\u0438\u0446\u0430\u0445 \u0432 \u0422\u0430\u0440\u0442\u0443"}]}]}},"_links":{"self":[{"href":"https:\/\/www.parkimine.ee\/ru\/wp-json\/wp\/v2\/pages\/2514","targetHints":{"allow":["GET"]}}],"collection":[{"href":"https:\/\/www.parkimine.ee\/ru\/wp-json\/wp\/v2\/pages"}],"about":[{"href":"https:\/\/www.parkimine.ee\/ru\/wp-json\/wp\/v2\/types\/page"}],"author":[{"embeddable":true,"href":"https:\/\/www.parkimine.ee\/ru\/wp-json\/wp\/v2\/users\/1"}],"replies":[{"embeddable":true,"href":"https:\/\/www.parkimine.ee\/ru\/wp-json\/wp\/v2\/comments?post=2514"}],"version-history":[{"count":17,"href":"https:\/\/www.parkimine.ee\/ru\/wp-json\/wp\/v2\/pages\/2514\/revisions"}],"predecessor-version":[{"id":6981,"href":"https:\/\/www.parkimine.ee\/ru\/wp-json\/wp\/v2\/pages\/2514\/revisions\/6981"}],"up":[{"embeddable":true,"href":"https:\/\/www.parkimine.ee\/ru\/wp-json\/wp\/v2\/pages\/2505"}],"wp:attachment":[{"href":"https:\/\/www.parkimine.ee\/ru\/wp-json\/wp\/v2\/media?parent=2514"}],"curies":[{"name":"wp","href":"https:\/\/api.w.org\/{rel}","templated":true}]}}