{"id":3882,"date":"2020-04-06T19:50:22","date_gmt":"2020-04-06T16:50:22","guid":{"rendered":"https:\/\/www.parkimine.ee\/?page_id=3882"},"modified":"2024-06-19T08:12:25","modified_gmt":"2024-06-19T05:12:25","slug":"harva-jyesuu","status":"publish","type":"page","link":"https:\/\/www.parkimine.ee\/ru\/park-informatsiya\/harva-jyesuu\/","title":{"rendered":"H\u0430\u0440\u0432\u0430-\u0419\u044b\u044d\u0441\u0443\u0443"},"content":{"rendered":"<p><strong>\u0427\u0430\u0441\u0442\u043d\u044b\u0435 \u043f\u0430\u0440\u043a\u043e\u0432\u043a\u0438 AS \u00dchisteenused:<\/strong><\/p>\n<ul>\n<li><a class=\"hash_redirect_link\" data-href=\"#aia-3-narva-joesuu-tsoon-p75=1288\">Aia 3, Narva-J\u00f5esuu tsoon P75<\/a><\/li>\n<li><a class=\"hash_redirect_link\" data-href=\"#vabaduse-32-narva-joesuu-tsoon-yt81=1390\">Vabaduse 32, Narva-J\u00f5esuu tsoon YT81<\/a><\/li>\n<li>Vabaduse 28, Narva &#8211; J\u00f5esuu tsoon YT88<\/li>\n<\/ul>\n<p><span lang=\"ru\">\u0420\u0430\u0437\u0440\u0435\u0448\u0435\u043d\u0438\u0435 \u043d\u0430 \u043f\u0430\u0440\u043a\u043e\u0432\u043a\u0443 \u043c\u043e\u0436\u043d\u043e\u00a0<\/span><span lang=\"ru\">\u043a\u0443\u043f\u0438\u0442\u044c\u00a0<\/span><span lang=\"ru\">\u043d\u0430 \u0441\u0430\u0439\u0442\u0435\u00a0<strong>www.parkimine.ee<\/strong>\u00a0\u0438\u043b\u0438\u00a0<\/span><span lang=\"ru\">\u043e\u043f\u043b\u0430\u0442\u0438\u0442\u044c\u00a0<\/span><span lang=\"ru\">\u0447\u0435\u0440\u0435\u0437\u00a0<b><strong><a href=\"https:\/\/www.parkimine.ee\/ru\/park-informatsiya\/mobilnaya-parkovka\/\">\u043c\u043e\u0431\u0438\u043b\u044c\u043d\u044b\u0439 \u0442\u0435\u043b\u0435\u0444\u043e\u043d<\/a>.<\/strong><\/b><\/span><\/p>\n","protected":false},"excerpt":{"rendered":"<p>\u0427\u0430\u0441\u0442\u043d\u044b\u0435 \u043f\u0430\u0440\u043a\u043e\u0432\u043a\u0438 AS \u00dchisteenused: Aia 3, Narva-J\u00f5esuu tsoon P75 Vabaduse 32, Narva-J\u00f5esuu tsoon YT81 Vabaduse 28, Narva &#8211; J\u00f5esuu tsoon [&hellip;]<\/p>\n","protected":false},"author":1,"featured_media":0,"parent":1857,"menu_order":112,"comment_status":"closed","ping_status":"closed","template":"","meta":{"_exactmetrics_skip_tracking":false,"_exactmetrics_sitenote_active":false,"_exactmetrics_sitenote_note":"","_exactmetrics_sitenote_category":0,"footnotes":""},"class_list":["post-3882","page","type-page","status-publish","hentry"],"yoast_head":"<!-- This site is optimized with the Yoast SEO plugin v18.8 - https:\/\/yoast.com\/wordpress\/plugins\/seo\/ -->\n<title>H\u0430\u0440\u0432\u0430-\u0419\u044b\u044d\u0441\u0443\u0443 - Parkimine.ee<\/title>\n<meta name=\"robots\" content=\"index, follow, max-snippet:-1, max-image-preview:large, max-video-preview:-1\" \/>\n<link rel=\"canonical\" href=\"https:\/\/www.parkimine.ee\/ru\/park-informatsiya\/harva-jyesuu\/\" \/>\n<meta property=\"og:locale\" content=\"ru_RU\" \/>\n<meta property=\"og:type\" content=\"article\" \/>\n<meta property=\"og:title\" content=\"H\u0430\u0440\u0432\u0430-\u0419\u044b\u044d\u0441\u0443\u0443 - Parkimine.ee\" \/>\n<meta property=\"og:description\" content=\"\u0427\u0430\u0441\u0442\u043d\u044b\u0435 \u043f\u0430\u0440\u043a\u043e\u0432\u043a\u0438 AS \u00dchisteenused: Aia 3, Narva-J\u00f5esuu tsoon P75 Vabaduse 32, Narva-J\u00f5esuu tsoon YT81 Vabaduse 28, Narva &#8211; J\u00f5esuu tsoon [&hellip;]\" \/>\n<meta property=\"og:url\" content=\"https:\/\/www.parkimine.ee\/ru\/park-informatsiya\/harva-jyesuu\/\" \/>\n<meta property=\"og:site_name\" content=\"Parkimine.ee\" \/>\n<meta property=\"article:modified_time\" content=\"2024-06-19T05:12:25+00:00\" \/>\n<meta name=\"twitter:card\" content=\"summary_large_image\" \/>\n<script type=\"application\/ld+json\" class=\"yoast-schema-graph\">{\"@context\":\"https:\/\/schema.org\",\"@graph\":[{\"@type\":\"WebSite\",\"@id\":\"https:\/\/www.parkimine.ee\/ru\/#website\",\"url\":\"https:\/\/www.parkimine.ee\/ru\/\",\"name\":\"Parkimine.ee\",\"description\":\"Leia parim parkimiskoht. Tallinna linna parkimine. Avalikud eraparklad. Parkimismajad. Liikluskorraldus.\",\"potentialAction\":[{\"@type\":\"SearchAction\",\"target\":{\"@type\":\"EntryPoint\",\"urlTemplate\":\"https:\/\/www.parkimine.ee\/ru\/?s={search_term_string}\"},\"query-input\":\"required name=search_term_string\"}],\"inLanguage\":\"ru-RU\"},{\"@type\":\"WebPage\",\"@id\":\"https:\/\/www.parkimine.ee\/ru\/park-informatsiya\/harva-jyesuu\/#webpage\",\"url\":\"https:\/\/www.parkimine.ee\/ru\/park-informatsiya\/harva-jyesuu\/\",\"name\":\"H\u0430\u0440\u0432\u0430-\u0419\u044b\u044d\u0441\u0443\u0443 - Parkimine.ee\",\"isPartOf\":{\"@id\":\"https:\/\/www.parkimine.ee\/ru\/#website\"},\"datePublished\":\"2020-04-06T16:50:22+00:00\",\"dateModified\":\"2024-06-19T05:12:25+00:00\",\"breadcrumb\":{\"@id\":\"https:\/\/www.parkimine.ee\/ru\/park-informatsiya\/harva-jyesuu\/#breadcrumb\"},\"inLanguage\":\"ru-RU\",\"potentialAction\":[{\"@type\":\"ReadAction\",\"target\":[\"https:\/\/www.parkimine.ee\/ru\/park-informatsiya\/harva-jyesuu\/\"]}]},{\"@type\":\"BreadcrumbList\",\"@id\":\"https:\/\/www.parkimine.ee\/ru\/park-informatsiya\/harva-jyesuu\/#breadcrumb\",\"itemListElement\":[{\"@type\":\"ListItem\",\"position\":1,\"name\":\"Home\",\"item\":\"https:\/\/www.parkimine.ee\/ru\/\"},{\"@type\":\"ListItem\",\"position\":2,\"name\":\"\u041f\u0430\u0440\u043a. \u0438\u043d\u0444\u043e\u0440\u043c\u0430\u0446\u0438\u044f\",\"item\":\"https:\/\/www.parkimine.ee\/ru\/park-informatsiya\/\"},{\"@type\":\"ListItem\",\"position\":3,\"name\":\"H\u0430\u0440\u0432\u0430-\u0419\u044b\u044d\u0441\u0443\u0443\"}]}]}<\/script>\n<!-- \/ Yoast SEO plugin. -->","yoast_head_json":{"title":"H\u0430\u0440\u0432\u0430-\u0419\u044b\u044d\u0441\u0443\u0443 - Parkimine.ee","robots":{"index":"index","follow":"follow","max-snippet":"max-snippet:-1","max-image-preview":"max-image-preview:large","max-video-preview":"max-video-preview:-1"},"canonical":"https:\/\/www.parkimine.ee\/ru\/park-informatsiya\/harva-jyesuu\/","og_locale":"ru_RU","og_type":"article","og_title":"H\u0430\u0440\u0432\u0430-\u0419\u044b\u044d\u0441\u0443\u0443 - Parkimine.ee","og_description":"\u0427\u0430\u0441\u0442\u043d\u044b\u0435 \u043f\u0430\u0440\u043a\u043e\u0432\u043a\u0438 AS \u00dchisteenused: Aia 3, Narva-J\u00f5esuu tsoon P75 Vabaduse 32, Narva-J\u00f5esuu tsoon YT81 Vabaduse 28, Narva &#8211; J\u00f5esuu tsoon [&hellip;]","og_url":"https:\/\/www.parkimine.ee\/ru\/park-informatsiya\/harva-jyesuu\/","og_site_name":"Parkimine.ee","article_modified_time":"2024-06-19T05:12:25+00:00","twitter_card":"summary_large_image","schema":{"@context":"https:\/\/schema.org","@graph":[{"@type":"WebSite","@id":"https:\/\/www.parkimine.ee\/ru\/#website","url":"https:\/\/www.parkimine.ee\/ru\/","name":"Parkimine.ee","description":"Leia parim parkimiskoht. Tallinna linna parkimine. Avalikud eraparklad. Parkimismajad. Liikluskorraldus.","potentialAction":[{"@type":"SearchAction","target":{"@type":"EntryPoint","urlTemplate":"https:\/\/www.parkimine.ee\/ru\/?s={search_term_string}"},"query-input":"required name=search_term_string"}],"inLanguage":"ru-RU"},{"@type":"WebPage","@id":"https:\/\/www.parkimine.ee\/ru\/park-informatsiya\/harva-jyesuu\/#webpage","url":"https:\/\/www.parkimine.ee\/ru\/park-informatsiya\/harva-jyesuu\/","name":"H\u0430\u0440\u0432\u0430-\u0419\u044b\u044d\u0441\u0443\u0443 - Parkimine.ee","isPartOf":{"@id":"https:\/\/www.parkimine.ee\/ru\/#website"},"datePublished":"2020-04-06T16:50:22+00:00","dateModified":"2024-06-19T05:12:25+00:00","breadcrumb":{"@id":"https:\/\/www.parkimine.ee\/ru\/park-informatsiya\/harva-jyesuu\/#breadcrumb"},"inLanguage":"ru-RU","potentialAction":[{"@type":"ReadAction","target":["https:\/\/www.parkimine.ee\/ru\/park-informatsiya\/harva-jyesuu\/"]}]},{"@type":"BreadcrumbList","@id":"https:\/\/www.parkimine.ee\/ru\/park-informatsiya\/harva-jyesuu\/#breadcrumb","itemListElement":[{"@type":"ListItem","position":1,"name":"Home","item":"https:\/\/www.parkimine.ee\/ru\/"},{"@type":"ListItem","position":2,"name":"\u041f\u0430\u0440\u043a. \u0438\u043d\u0444\u043e\u0440\u043c\u0430\u0446\u0438\u044f","item":"https:\/\/www.parkimine.ee\/ru\/park-informatsiya\/"},{"@type":"ListItem","position":3,"name":"H\u0430\u0440\u0432\u0430-\u0419\u044b\u044d\u0441\u0443\u0443"}]}]}},"_links":{"self":[{"href":"https:\/\/www.parkimine.ee\/ru\/wp-json\/wp\/v2\/pages\/3882","targetHints":{"allow":["GET"]}}],"collection":[{"href":"https:\/\/www.parkimine.ee\/ru\/wp-json\/wp\/v2\/pages"}],"about":[{"href":"https:\/\/www.parkimine.ee\/ru\/wp-json\/wp\/v2\/types\/page"}],"author":[{"embeddable":true,"href":"https:\/\/www.parkimine.ee\/ru\/wp-json\/wp\/v2\/users\/1"}],"replies":[{"embeddable":true,"href":"https:\/\/www.parkimine.ee\/ru\/wp-json\/wp\/v2\/comments?post=3882"}],"version-history":[{"count":5,"href":"https:\/\/www.parkimine.ee\/ru\/wp-json\/wp\/v2\/pages\/3882\/revisions"}],"predecessor-version":[{"id":8275,"href":"https:\/\/www.parkimine.ee\/ru\/wp-json\/wp\/v2\/pages\/3882\/revisions\/8275"}],"up":[{"embeddable":true,"href":"https:\/\/www.parkimine.ee\/ru\/wp-json\/wp\/v2\/pages\/1857"}],"wp:attachment":[{"href":"https:\/\/www.parkimine.ee\/ru\/wp-json\/wp\/v2\/media?parent=3882"}],"curies":[{"name":"wp","href":"https:\/\/api.w.org\/{rel}","templated":true}]}}