{"id":6429,"date":"2022-01-14T16:53:07","date_gmt":"2022-01-14T14:53:07","guid":{"rendered":"https:\/\/www.parkimine.ee\/?page_id=6429"},"modified":"2022-01-14T16:53:07","modified_gmt":"2022-01-14T14:53:07","slug":"yuri","status":"publish","type":"page","link":"https:\/\/www.parkimine.ee\/ru\/park-informatsiya\/yuri\/","title":{"rendered":"\u042e\u0440\u0438"},"content":{"rendered":"<div class=\"darker-blue-bg map-search\"><\/div>\n<div class=\"map-extras\">\n<div class=\"map-options\">\n<div class=\"map-option-icons\"><strong>\u0427\u0430\u0441\u0442\u043d\u044b\u0435 \u043f\u0430\u0440\u043a\u043e\u0432\u043a\u0438 AS \u00dchisteenused:<\/strong><\/div>\n<\/div>\n<\/div>\n<div id=\"parking-detailed-info\" class=\"parking-modal parking-detailed-info\">\n<div class=\"container\"><i class=\"icon icon-delete\"><\/i><\/p>\n<div class=\"row parking-modal-header\">\n<div class=\"col-xs-12\">\n<ul>\n<li><a href=\"https:\/\/www.parkimine.ee\/ru\/#moisa-tee-4-juri-tsoon-p99=2293\">M\u00f5isa tee 4, J\u00fcri \u0437\u043e\u043d\u0430 P99<\/a><\/li>\n<\/ul>\n<p>\u0420\u0430\u0437\u0440\u0435\u0448\u0435\u043d\u0438\u0435 \u043d\u0430 \u043f\u0430\u0440\u043a\u043e\u0432\u043a\u0443 \u043c\u043e\u0436\u043d\u043e\u00a0<span lang=\"ru\">\u043a\u0443\u043f\u0438\u0442\u044c\u00a0<\/span><span lang=\"ru\">\u043d\u0430 \u0441\u0430\u0439\u0442\u0435\u00a0<strong>www.parkimine.ee<\/strong>\u00a0\u0438\u043b\u0438\u00a0<\/span><span lang=\"ru\">\u043e\u043f\u043b\u0430\u0442\u0438\u0442\u044c\u00a0<\/span><span lang=\"ru\">\u0447\u0435\u0440\u0435\u0437\u00a0<b><strong><a href=\"https:\/\/www.parkimine.ee\/ru\/park-informatsiya\/mobilnaya-parkovka\/\">\u043c\u043e\u0431\u0438\u043b\u044c\u043d\u044b\u0439 \u0442\u0435\u043b\u0435\u0444\u043e\u043d<\/a>.<\/strong><\/b><\/span><\/p>\n<p>&nbsp;<\/p>\n<\/div>\n<\/div>\n<\/div>\n<\/div>\n","protected":false},"excerpt":{"rendered":"<p>\u0427\u0430\u0441\u0442\u043d\u044b\u0435 \u043f\u0430\u0440\u043a\u043e\u0432\u043a\u0438 AS \u00dchisteenused: M\u00f5isa tee 4, J\u00fcri \u0437\u043e\u043d\u0430 P99 \u0420\u0430\u0437\u0440\u0435\u0448\u0435\u043d\u0438\u0435 \u043d\u0430 \u043f\u0430\u0440\u043a\u043e\u0432\u043a\u0443 \u043c\u043e\u0436\u043d\u043e\u00a0\u043a\u0443\u043f\u0438\u0442\u044c\u00a0\u043d\u0430 \u0441\u0430\u0439\u0442\u0435\u00a0www.parkimine.ee\u00a0\u0438\u043b\u0438\u00a0\u043e\u043f\u043b\u0430\u0442\u0438\u0442\u044c\u00a0\u0447\u0435\u0440\u0435\u0437\u00a0\u043c\u043e\u0431\u0438\u043b\u044c\u043d\u044b\u0439 \u0442\u0435\u043b\u0435\u0444\u043e\u043d. &nbsp;<\/p>\n","protected":false},"author":9,"featured_media":0,"parent":1857,"menu_order":0,"comment_status":"closed","ping_status":"closed","template":"","meta":{"_exactmetrics_skip_tracking":false,"_exactmetrics_sitenote_active":false,"_exactmetrics_sitenote_note":"","_exactmetrics_sitenote_category":0,"footnotes":""},"class_list":["post-6429","page","type-page","status-publish","hentry"],"yoast_head":"<!-- This site is optimized with the Yoast SEO plugin v18.8 - https:\/\/yoast.com\/wordpress\/plugins\/seo\/ -->\n<title>\u042e\u0440\u0438 - Parkimine.ee<\/title>\n<meta name=\"robots\" content=\"index, follow, max-snippet:-1, max-image-preview:large, max-video-preview:-1\" \/>\n<link rel=\"canonical\" href=\"https:\/\/www.parkimine.ee\/ru\/park-informatsiya\/yuri\/\" \/>\n<meta property=\"og:locale\" content=\"ru_RU\" \/>\n<meta property=\"og:type\" content=\"article\" \/>\n<meta property=\"og:title\" content=\"\u042e\u0440\u0438 - Parkimine.ee\" \/>\n<meta property=\"og:description\" content=\"\u0427\u0430\u0441\u0442\u043d\u044b\u0435 \u043f\u0430\u0440\u043a\u043e\u0432\u043a\u0438 AS \u00dchisteenused: M\u00f5isa tee 4, J\u00fcri \u0437\u043e\u043d\u0430 P99 \u0420\u0430\u0437\u0440\u0435\u0448\u0435\u043d\u0438\u0435 \u043d\u0430 \u043f\u0430\u0440\u043a\u043e\u0432\u043a\u0443 \u043c\u043e\u0436\u043d\u043e\u00a0\u043a\u0443\u043f\u0438\u0442\u044c\u00a0\u043d\u0430 \u0441\u0430\u0439\u0442\u0435\u00a0www.parkimine.ee\u00a0\u0438\u043b\u0438\u00a0\u043e\u043f\u043b\u0430\u0442\u0438\u0442\u044c\u00a0\u0447\u0435\u0440\u0435\u0437\u00a0\u043c\u043e\u0431\u0438\u043b\u044c\u043d\u044b\u0439 \u0442\u0435\u043b\u0435\u0444\u043e\u043d. &nbsp;\" \/>\n<meta property=\"og:url\" content=\"https:\/\/www.parkimine.ee\/ru\/park-informatsiya\/yuri\/\" \/>\n<meta property=\"og:site_name\" content=\"Parkimine.ee\" \/>\n<meta name=\"twitter:card\" content=\"summary_large_image\" \/>\n<meta name=\"twitter:label1\" content=\"Est. reading time\" \/>\n\t<meta name=\"twitter:data1\" content=\"1 minute\" \/>\n<script type=\"application\/ld+json\" class=\"yoast-schema-graph\">{\"@context\":\"https:\/\/schema.org\",\"@graph\":[{\"@type\":\"WebSite\",\"@id\":\"https:\/\/www.parkimine.ee\/ru\/#website\",\"url\":\"https:\/\/www.parkimine.ee\/ru\/\",\"name\":\"Parkimine.ee\",\"description\":\"Leia parim parkimiskoht. Tallinna linna parkimine. Avalikud eraparklad. Parkimismajad. Liikluskorraldus.\",\"potentialAction\":[{\"@type\":\"SearchAction\",\"target\":{\"@type\":\"EntryPoint\",\"urlTemplate\":\"https:\/\/www.parkimine.ee\/ru\/?s={search_term_string}\"},\"query-input\":\"required name=search_term_string\"}],\"inLanguage\":\"ru-RU\"},{\"@type\":\"WebPage\",\"@id\":\"https:\/\/www.parkimine.ee\/ru\/park-informatsiya\/yuri\/#webpage\",\"url\":\"https:\/\/www.parkimine.ee\/ru\/park-informatsiya\/yuri\/\",\"name\":\"\u042e\u0440\u0438 - Parkimine.ee\",\"isPartOf\":{\"@id\":\"https:\/\/www.parkimine.ee\/ru\/#website\"},\"datePublished\":\"2022-01-14T14:53:07+00:00\",\"dateModified\":\"2022-01-14T14:53:07+00:00\",\"breadcrumb\":{\"@id\":\"https:\/\/www.parkimine.ee\/ru\/park-informatsiya\/yuri\/#breadcrumb\"},\"inLanguage\":\"ru-RU\",\"potentialAction\":[{\"@type\":\"ReadAction\",\"target\":[\"https:\/\/www.parkimine.ee\/ru\/park-informatsiya\/yuri\/\"]}]},{\"@type\":\"BreadcrumbList\",\"@id\":\"https:\/\/www.parkimine.ee\/ru\/park-informatsiya\/yuri\/#breadcrumb\",\"itemListElement\":[{\"@type\":\"ListItem\",\"position\":1,\"name\":\"Home\",\"item\":\"https:\/\/www.parkimine.ee\/ru\/\"},{\"@type\":\"ListItem\",\"position\":2,\"name\":\"\u041f\u0430\u0440\u043a. \u0438\u043d\u0444\u043e\u0440\u043c\u0430\u0446\u0438\u044f\",\"item\":\"https:\/\/www.parkimine.ee\/ru\/park-informatsiya\/\"},{\"@type\":\"ListItem\",\"position\":3,\"name\":\"\u042e\u0440\u0438\"}]}]}<\/script>\n<!-- \/ Yoast SEO plugin. -->","yoast_head_json":{"title":"\u042e\u0440\u0438 - Parkimine.ee","robots":{"index":"index","follow":"follow","max-snippet":"max-snippet:-1","max-image-preview":"max-image-preview:large","max-video-preview":"max-video-preview:-1"},"canonical":"https:\/\/www.parkimine.ee\/ru\/park-informatsiya\/yuri\/","og_locale":"ru_RU","og_type":"article","og_title":"\u042e\u0440\u0438 - Parkimine.ee","og_description":"\u0427\u0430\u0441\u0442\u043d\u044b\u0435 \u043f\u0430\u0440\u043a\u043e\u0432\u043a\u0438 AS \u00dchisteenused: M\u00f5isa tee 4, J\u00fcri \u0437\u043e\u043d\u0430 P99 \u0420\u0430\u0437\u0440\u0435\u0448\u0435\u043d\u0438\u0435 \u043d\u0430 \u043f\u0430\u0440\u043a\u043e\u0432\u043a\u0443 \u043c\u043e\u0436\u043d\u043e\u00a0\u043a\u0443\u043f\u0438\u0442\u044c\u00a0\u043d\u0430 \u0441\u0430\u0439\u0442\u0435\u00a0www.parkimine.ee\u00a0\u0438\u043b\u0438\u00a0\u043e\u043f\u043b\u0430\u0442\u0438\u0442\u044c\u00a0\u0447\u0435\u0440\u0435\u0437\u00a0\u043c\u043e\u0431\u0438\u043b\u044c\u043d\u044b\u0439 \u0442\u0435\u043b\u0435\u0444\u043e\u043d. &nbsp;","og_url":"https:\/\/www.parkimine.ee\/ru\/park-informatsiya\/yuri\/","og_site_name":"Parkimine.ee","twitter_card":"summary_large_image","twitter_misc":{"Est. reading time":"1 minute"},"schema":{"@context":"https:\/\/schema.org","@graph":[{"@type":"WebSite","@id":"https:\/\/www.parkimine.ee\/ru\/#website","url":"https:\/\/www.parkimine.ee\/ru\/","name":"Parkimine.ee","description":"Leia parim parkimiskoht. Tallinna linna parkimine. Avalikud eraparklad. Parkimismajad. Liikluskorraldus.","potentialAction":[{"@type":"SearchAction","target":{"@type":"EntryPoint","urlTemplate":"https:\/\/www.parkimine.ee\/ru\/?s={search_term_string}"},"query-input":"required name=search_term_string"}],"inLanguage":"ru-RU"},{"@type":"WebPage","@id":"https:\/\/www.parkimine.ee\/ru\/park-informatsiya\/yuri\/#webpage","url":"https:\/\/www.parkimine.ee\/ru\/park-informatsiya\/yuri\/","name":"\u042e\u0440\u0438 - Parkimine.ee","isPartOf":{"@id":"https:\/\/www.parkimine.ee\/ru\/#website"},"datePublished":"2022-01-14T14:53:07+00:00","dateModified":"2022-01-14T14:53:07+00:00","breadcrumb":{"@id":"https:\/\/www.parkimine.ee\/ru\/park-informatsiya\/yuri\/#breadcrumb"},"inLanguage":"ru-RU","potentialAction":[{"@type":"ReadAction","target":["https:\/\/www.parkimine.ee\/ru\/park-informatsiya\/yuri\/"]}]},{"@type":"BreadcrumbList","@id":"https:\/\/www.parkimine.ee\/ru\/park-informatsiya\/yuri\/#breadcrumb","itemListElement":[{"@type":"ListItem","position":1,"name":"Home","item":"https:\/\/www.parkimine.ee\/ru\/"},{"@type":"ListItem","position":2,"name":"\u041f\u0430\u0440\u043a. \u0438\u043d\u0444\u043e\u0440\u043c\u0430\u0446\u0438\u044f","item":"https:\/\/www.parkimine.ee\/ru\/park-informatsiya\/"},{"@type":"ListItem","position":3,"name":"\u042e\u0440\u0438"}]}]}},"_links":{"self":[{"href":"https:\/\/www.parkimine.ee\/ru\/wp-json\/wp\/v2\/pages\/6429","targetHints":{"allow":["GET"]}}],"collection":[{"href":"https:\/\/www.parkimine.ee\/ru\/wp-json\/wp\/v2\/pages"}],"about":[{"href":"https:\/\/www.parkimine.ee\/ru\/wp-json\/wp\/v2\/types\/page"}],"author":[{"embeddable":true,"href":"https:\/\/www.parkimine.ee\/ru\/wp-json\/wp\/v2\/users\/9"}],"replies":[{"embeddable":true,"href":"https:\/\/www.parkimine.ee\/ru\/wp-json\/wp\/v2\/comments?post=6429"}],"version-history":[{"count":1,"href":"https:\/\/www.parkimine.ee\/ru\/wp-json\/wp\/v2\/pages\/6429\/revisions"}],"predecessor-version":[{"id":6430,"href":"https:\/\/www.parkimine.ee\/ru\/wp-json\/wp\/v2\/pages\/6429\/revisions\/6430"}],"up":[{"embeddable":true,"href":"https:\/\/www.parkimine.ee\/ru\/wp-json\/wp\/v2\/pages\/1857"}],"wp:attachment":[{"href":"https:\/\/www.parkimine.ee\/ru\/wp-json\/wp\/v2\/media?parent=6429"}],"curies":[{"name":"wp","href":"https:\/\/api.w.org\/{rel}","templated":true}]}}